{"id":386,"date":"2025-11-12T00:15:56","date_gmt":"2025-11-11T23:15:56","guid":{"rendered":"https:\/\/wordpress07.gcms.verdigado.net\/gol-attenkirchen-test\/?page_id=386"},"modified":"2025-12-19T00:26:00","modified_gmt":"2025-12-18T23:26:00","slug":"aktuelles","status":"publish","type":"page","link":"https:\/\/gruene-freising.de\/gol-attenkirchen\/aktuelles\/","title":{"rendered":"AKTUELLES"},"content":{"rendered":"\n<div class=\"wp-block-columns is-layout-flex wp-container-core-columns-is-layout-9d6595d7 wp-block-columns-is-layout-flex\">\n<div class=\"wp-block-column is-layout-flow wp-block-column-is-layout-flow\" style=\"flex-basis:33.33%\">\n<figure class=\"wp-block-image size-large\"><img loading=\"lazy\" decoding=\"async\" width=\"473\" height=\"1024\" src=\"https:\/\/wordpress07.gcms.verdigado.net\/gol-attenkirchen-test\/wp-content\/uploads\/sites\/17\/2025\/11\/GOL-Schaukasten-473x1024.jpeg\" alt=\"\" class=\"wp-image-418\" srcset=\"https:\/\/gruene-freising.de\/gol-attenkirchen\/wp-content\/uploads\/sites\/17\/2025\/11\/GOL-Schaukasten-473x1024.jpeg 473w, https:\/\/gruene-freising.de\/gol-attenkirchen\/wp-content\/uploads\/sites\/17\/2025\/11\/GOL-Schaukasten-139x300.jpeg 139w, https:\/\/gruene-freising.de\/gol-attenkirchen\/wp-content\/uploads\/sites\/17\/2025\/11\/GOL-Schaukasten-768x1663.jpeg 768w, https:\/\/gruene-freising.de\/gol-attenkirchen\/wp-content\/uploads\/sites\/17\/2025\/11\/GOL-Schaukasten-710x1536.jpeg 710w, https:\/\/gruene-freising.de\/gol-attenkirchen\/wp-content\/uploads\/sites\/17\/2025\/11\/GOL-Schaukasten.jpeg 946w\" sizes=\"auto, (max-width: 473px) 100vw, 473px\" \/><\/figure>\n<\/div>\n\n\n\n<div class=\"wp-block-column is-layout-flow wp-block-column-is-layout-flow\" style=\"flex-basis:66.66%\"><div class=\"has-background latest-posts wp-block-sunflower-latest-posts\">\n        <div class=\"wp-block-group__inner-container\">\n            \n                <div class=\"row\" data-masonry='{\"percentPosition\": true }'><div class=\"col-md-6\">\n<article id=\"post-1119\" class=\"bg-white mb-4 has-shadow post-1119 post type-post status-publish format-standard hentry category-allgemein\">\n\t<div class=\"\">\n\t\t\t\t<div class=\"p-45\">\n\t\t\t<header class=\"entry-header mb-2\">\n\t\t\t\t\t\t\t\t<h2 class=\"card-title h4 mb-3\"><a href=\"https:\/\/gruene-freising.de\/gol-attenkirchen\/wahlergebnis-2026\/\" rel=\"bookmark\">Wahlergebnis 2026<\/a><\/h2>\t\t\t\t\t<div class=\"entry-meta mb-3\">\n\t\t\t\t\t\t<span class=\"posted-on\"><time class=\"entry-date published\" datetime=\"2026-03-12T20:48:51+01:00\">12. M\u00e4rz 2026<\/time><time class=\"updated\" datetime=\"2026-03-12T20:48:52+01:00\">12. M\u00e4rz 2026<\/time><\/span>\t\t\t\t\t<\/div><!-- .entry-meta -->\n\t\t\t\t\t\t\t\t<\/header><!-- .entry-header -->\n\n\t\t\t<div class=\"entry-content\">\n\t\t\t\t<a href=\"https:\/\/gruene-freising.de\/gol-attenkirchen\/wahlergebnis-2026\/\" rel=\"bookmark\">\n\t\t\t\t<p>Vielen lieben Dank f\u00fcr eure Stimmen und euer Vertrauen. Dank euch konnten wir erneut zwei Sitze im Gemeinderat Attenkirchen erzielen. Wir sind sehr gl\u00fccklich \u00fcber diesen Erfolg. Ab der konstituierenden [&hellip;]<\/p>\n\t\t\t\t<\/a>\n\t\t\t<\/div><!-- .entry-content -->\n\n\t\t\t<footer class=\"entry-footer\">\n\t\t\t\t\t\t\t<div class=\"d-flex mt-2 mb-2\">\n\t\t\t\t\t\t\t\t<div>\n\t\t<span class=\"cat-links small\"><a href=\"https:\/\/gruene-freising.de\/gol-attenkirchen\/category\/allgemein\/\" rel=\"category tag\">Allgemein<\/a><\/span>\n\t\t\t\t<\/div>\n\t\t\t<\/div>\n\t\t\n\t\t\t\t<div class=\"d-flex flex-row-reverse\">\n\t\t\t\t\t<a href=\"https:\/\/gruene-freising.de\/gol-attenkirchen\/wahlergebnis-2026\/\" rel=\"bookmark\" class=\"continue-reading\">\n\t\t\t\t\tweiterlesen\t\t\t\t<\/a>\n\t\t\t\t<\/div>\n\t\t\t<\/footer><!-- .entry-footer -->\n\t\t<\/div>\n\t<\/div>\n<\/article><!-- #post-1119 -->\n<\/div><div class=\"col-md-6\">\n<article id=\"post-1099\" class=\"bg-white mb-4 has-shadow post-1099 post type-post status-publish format-standard hentry category-allgemein tag-attenkirchen tag-gol-attenkirchen tag-immer-einen-schritt-voraus tag-kommunalwahl-2026\">\n\t<div class=\"\">\n\t\t\t\t<div class=\"p-45\">\n\t\t\t<header class=\"entry-header mb-2\">\n\t\t\t\t\t\t\t\t<h2 class=\"card-title h4 mb-3\"><a href=\"https:\/\/gruene-freising.de\/gol-attenkirchen\/finale\/\" rel=\"bookmark\">FINALE<\/a><\/h2>\t\t\t\t\t<div class=\"entry-meta mb-3\">\n\t\t\t\t\t\t<span class=\"posted-on\"><time class=\"entry-date published\" datetime=\"2026-03-05T21:46:00+01:00\">5. M\u00e4rz 2026<\/time><time class=\"updated\" datetime=\"2026-03-07T18:52:45+01:00\">7. M\u00e4rz 2026<\/time><\/span>\t\t\t\t\t<\/div><!-- .entry-meta -->\n\t\t\t\t\t\t\t\t<\/header><!-- .entry-header -->\n\n\t\t\t<div class=\"entry-content\">\n\t\t\t\t<a href=\"https:\/\/gruene-freising.de\/gol-attenkirchen\/finale\/\" rel=\"bookmark\">\n\t\t\t\t<p>Am Donnerstag, den 05.03.2026 beendeten wir den Wahlkampf mit einer anderen Art der Kandidaten-Vorstellung. Wir kamen mit den G\u00e4sten einfach an Stehtischen ins Gespr\u00e4ch, ganz ohne stundenlanger Frontal-Vorstellung. Gegen 20:00 [&hellip;]<\/p>\n\t\t\t\t<\/a>\n\t\t\t<\/div><!-- .entry-content -->\n\n\t\t\t<footer class=\"entry-footer\">\n\t\t\t\t\t\t\t<div class=\"d-flex mt-2 mb-2\">\n\t\t\t\t\t\t\t\t<div>\n\t\t<span class=\"cat-links small\"><a href=\"https:\/\/gruene-freising.de\/gol-attenkirchen\/category\/allgemein\/\" rel=\"category tag\">Allgemein<\/a><\/span><br><span class=\"tags-links small\"><a href=\"https:\/\/gruene-freising.de\/gol-attenkirchen\/tag\/attenkirchen\/\" rel=\"tag\">Attenkirchen<\/a>, <a href=\"https:\/\/gruene-freising.de\/gol-attenkirchen\/tag\/gol-attenkirchen\/\" rel=\"tag\">GOL Attenkirchen<\/a>, <a href=\"https:\/\/gruene-freising.de\/gol-attenkirchen\/tag\/immer-einen-schritt-voraus\/\" rel=\"tag\">Immer einen Schritt voraus<\/a>, <a href=\"https:\/\/gruene-freising.de\/gol-attenkirchen\/tag\/kommunalwahl-2026\/\" rel=\"tag\">Kommunalwahl 2026<\/a><\/span>\n\t\t\t\t<\/div>\n\t\t\t<\/div>\n\t\t\n\t\t\t\t<div class=\"d-flex flex-row-reverse\">\n\t\t\t\t\t<a href=\"https:\/\/gruene-freising.de\/gol-attenkirchen\/finale\/\" rel=\"bookmark\" class=\"continue-reading\">\n\t\t\t\t\tweiterlesen\t\t\t\t<\/a>\n\t\t\t\t<\/div>\n\t\t\t<\/footer><!-- .entry-footer -->\n\t\t<\/div>\n\t<\/div>\n<\/article><!-- #post-1099 -->\n<\/div><div class=\"col-md-6\">\n<article id=\"post-1095\" class=\"bg-white mb-4 has-shadow post-1095 post type-post status-publish format-standard hentry category-allgemein tag-attenkirchen tag-gol-attenkirchen tag-immer-einen-schritt-voraus tag-kommunalwahl-2026\">\n\t<div class=\"\">\n\t\t\t\t<div class=\"p-45\">\n\t\t\t<header class=\"entry-header mb-2\">\n\t\t\t\t\t\t\t\t<h2 class=\"card-title h4 mb-3\"><a href=\"https:\/\/gruene-freising.de\/gol-attenkirchen\/bingo\/\" rel=\"bookmark\">BINGO!<\/a><\/h2>\t\t\t\t\t<div class=\"entry-meta mb-3\">\n\t\t\t\t\t\t<span class=\"posted-on\"><time class=\"entry-date published\" datetime=\"2026-03-01T17:00:00+01:00\">1. M\u00e4rz 2026<\/time><time class=\"updated\" datetime=\"2026-03-07T18:45:34+01:00\">7. M\u00e4rz 2026<\/time><\/span>\t\t\t\t\t<\/div><!-- .entry-meta -->\n\t\t\t\t\t\t\t\t<\/header><!-- .entry-header -->\n\n\t\t\t<div class=\"entry-content\">\n\t\t\t\t<a href=\"https:\/\/gruene-freising.de\/gol-attenkirchen\/bingo\/\" rel=\"bookmark\">\n\t\t\t\t<p>Am Sonntag, den 01.03.2026 fand um 14:00 Uhr unser legend\u00e4rer Bingo-Nachmittag statt. Im B\u00fcrgersaal gab es Kaffee und Kuchen sowie kohles\u00e4urehaltige Kaltgetr\u00e4nke. Alle G\u00e4ste hatten einen riesen Spa\u00df beim Bingo [&hellip;]<\/p>\n\t\t\t\t<\/a>\n\t\t\t<\/div><!-- .entry-content -->\n\n\t\t\t<footer class=\"entry-footer\">\n\t\t\t\t\t\t\t<div class=\"d-flex mt-2 mb-2\">\n\t\t\t\t\t\t\t\t<div>\n\t\t<span class=\"cat-links small\"><a href=\"https:\/\/gruene-freising.de\/gol-attenkirchen\/category\/allgemein\/\" rel=\"category tag\">Allgemein<\/a><\/span><br><span class=\"tags-links small\"><a href=\"https:\/\/gruene-freising.de\/gol-attenkirchen\/tag\/attenkirchen\/\" rel=\"tag\">Attenkirchen<\/a>, <a href=\"https:\/\/gruene-freising.de\/gol-attenkirchen\/tag\/gol-attenkirchen\/\" rel=\"tag\">GOL Attenkirchen<\/a>, <a href=\"https:\/\/gruene-freising.de\/gol-attenkirchen\/tag\/immer-einen-schritt-voraus\/\" rel=\"tag\">Immer einen Schritt voraus<\/a>, <a href=\"https:\/\/gruene-freising.de\/gol-attenkirchen\/tag\/kommunalwahl-2026\/\" rel=\"tag\">Kommunalwahl 2026<\/a><\/span>\n\t\t\t\t<\/div>\n\t\t\t<\/div>\n\t\t\n\t\t\t\t<div class=\"d-flex flex-row-reverse\">\n\t\t\t\t\t<a href=\"https:\/\/gruene-freising.de\/gol-attenkirchen\/bingo\/\" rel=\"bookmark\" class=\"continue-reading\">\n\t\t\t\t\tweiterlesen\t\t\t\t<\/a>\n\t\t\t\t<\/div>\n\t\t\t<\/footer><!-- .entry-footer -->\n\t\t<\/div>\n\t<\/div>\n<\/article><!-- #post-1095 -->\n<\/div><div class=\"col-md-6\">\n<article id=\"post-1087\" class=\"bg-white mb-4 has-shadow post-1087 post type-post status-publish format-standard hentry category-allgemein tag-attenkirchen tag-gol-attenkirchen tag-immer-einen-schritt-voraus\">\n\t<div class=\"\">\n\t\t\t\t<div class=\"p-45\">\n\t\t\t<header class=\"entry-header mb-2\">\n\t\t\t\t\t\t\t\t<h2 class=\"card-title h4 mb-3\"><a href=\"https:\/\/gruene-freising.de\/gol-attenkirchen\/aktion-saubere-landschaft\/\" rel=\"bookmark\">Aktion Saubere Landschaft<\/a><\/h2>\t\t\t\t\t<div class=\"entry-meta mb-3\">\n\t\t\t\t\t\t<span class=\"posted-on\"><time class=\"entry-date published\" datetime=\"2026-02-28T12:00:00+01:00\">28. Februar 2026<\/time><time class=\"updated\" datetime=\"2026-02-28T21:16:36+01:00\">28. Februar 2026<\/time><\/span>\t\t\t\t\t<\/div><!-- .entry-meta -->\n\t\t\t\t\t\t\t\t<\/header><!-- .entry-header -->\n\n\t\t\t<div class=\"entry-content\">\n\t\t\t\t<a href=\"https:\/\/gruene-freising.de\/gol-attenkirchen\/aktion-saubere-landschaft\/\" rel=\"bookmark\">\n\t\t\t\t<p>Fast 150 Attenkirchnerinnen und Attenkirchner beteiligten sich bei wunderbar fr\u00fchlingshaftem Wetter an der Aktion saubere Landschaft. Vor dem Gruppenfoto gab es in den R\u00e4umen des ASS noch W\u00fcrstel, Kuchen und [&hellip;]<\/p>\n\t\t\t\t<\/a>\n\t\t\t<\/div><!-- .entry-content -->\n\n\t\t\t<footer class=\"entry-footer\">\n\t\t\t\t\t\t\t<div class=\"d-flex mt-2 mb-2\">\n\t\t\t\t\t\t\t\t<div>\n\t\t<span class=\"cat-links small\"><a href=\"https:\/\/gruene-freising.de\/gol-attenkirchen\/category\/allgemein\/\" rel=\"category tag\">Allgemein<\/a><\/span><br><span class=\"tags-links small\"><a href=\"https:\/\/gruene-freising.de\/gol-attenkirchen\/tag\/attenkirchen\/\" rel=\"tag\">Attenkirchen<\/a>, <a href=\"https:\/\/gruene-freising.de\/gol-attenkirchen\/tag\/gol-attenkirchen\/\" rel=\"tag\">GOL Attenkirchen<\/a>, <a href=\"https:\/\/gruene-freising.de\/gol-attenkirchen\/tag\/immer-einen-schritt-voraus\/\" rel=\"tag\">Immer einen Schritt voraus<\/a><\/span>\n\t\t\t\t<\/div>\n\t\t\t<\/div>\n\t\t\n\t\t\t\t<div class=\"d-flex flex-row-reverse\">\n\t\t\t\t\t<a href=\"https:\/\/gruene-freising.de\/gol-attenkirchen\/aktion-saubere-landschaft\/\" rel=\"bookmark\" class=\"continue-reading\">\n\t\t\t\t\tweiterlesen\t\t\t\t<\/a>\n\t\t\t\t<\/div>\n\t\t\t<\/footer><!-- .entry-footer -->\n\t\t<\/div>\n\t<\/div>\n<\/article><!-- #post-1087 -->\n<\/div><div class=\"col-md-6\">\n<article id=\"post-1079\" class=\"bg-white mb-4 has-shadow post-1079 post type-post status-publish format-standard hentry category-allgemein tag-attenkirchen tag-gol-attenkirchen tag-immer-einen-schritt-voraus tag-kommunalwahl-2026\">\n\t<div class=\"\">\n\t\t\t\t<div class=\"p-45\">\n\t\t\t<header class=\"entry-header mb-2\">\n\t\t\t\t\t\t\t\t<h2 class=\"card-title h4 mb-3\"><a href=\"https:\/\/gruene-freising.de\/gol-attenkirchen\/vorstellung-im-sportheim\/\" rel=\"bookmark\">Vorstellung im Sportheim<\/a><\/h2>\t\t\t\t\t<div class=\"entry-meta mb-3\">\n\t\t\t\t\t\t<span class=\"posted-on\"><time class=\"entry-date published\" datetime=\"2026-02-24T17:51:00+01:00\">24. Februar 2026<\/time><time class=\"updated\" datetime=\"2026-02-25T18:00:21+01:00\">25. Februar 2026<\/time><\/span>\t\t\t\t\t<\/div><!-- .entry-meta -->\n\t\t\t\t\t\t\t\t<\/header><!-- .entry-header -->\n\n\t\t\t<div class=\"entry-content\">\n\t\t\t\t<a href=\"https:\/\/gruene-freising.de\/gol-attenkirchen\/vorstellung-im-sportheim\/\" rel=\"bookmark\">\n\t\t\t\t<p>Vielen Dank allen Anwesenden f\u00fcr den regen Austausch im kleinen Kreis. Neben unseren Kandidatinnen und Kandidaten f\u00fcr die Gemeinderatsliste Attenkirchen waren auch G\u00e4ste der Gruppierung WIR sowie als pers\u00f6nliche G\u00e4ste [&hellip;]<\/p>\n\t\t\t\t<\/a>\n\t\t\t<\/div><!-- .entry-content -->\n\n\t\t\t<footer class=\"entry-footer\">\n\t\t\t\t\t\t\t<div class=\"d-flex mt-2 mb-2\">\n\t\t\t\t\t\t\t\t<div>\n\t\t<span class=\"cat-links small\"><a href=\"https:\/\/gruene-freising.de\/gol-attenkirchen\/category\/allgemein\/\" rel=\"category tag\">Allgemein<\/a><\/span><br><span class=\"tags-links small\"><a href=\"https:\/\/gruene-freising.de\/gol-attenkirchen\/tag\/attenkirchen\/\" rel=\"tag\">Attenkirchen<\/a>, <a href=\"https:\/\/gruene-freising.de\/gol-attenkirchen\/tag\/gol-attenkirchen\/\" rel=\"tag\">GOL Attenkirchen<\/a>, <a href=\"https:\/\/gruene-freising.de\/gol-attenkirchen\/tag\/immer-einen-schritt-voraus\/\" rel=\"tag\">Immer einen Schritt voraus<\/a>, <a href=\"https:\/\/gruene-freising.de\/gol-attenkirchen\/tag\/kommunalwahl-2026\/\" rel=\"tag\">Kommunalwahl 2026<\/a><\/span>\n\t\t\t\t<\/div>\n\t\t\t<\/div>\n\t\t\n\t\t\t\t<div class=\"d-flex flex-row-reverse\">\n\t\t\t\t\t<a href=\"https:\/\/gruene-freising.de\/gol-attenkirchen\/vorstellung-im-sportheim\/\" rel=\"bookmark\" class=\"continue-reading\">\n\t\t\t\t\tweiterlesen\t\t\t\t<\/a>\n\t\t\t\t<\/div>\n\t\t\t<\/footer><!-- .entry-footer -->\n\t\t<\/div>\n\t<\/div>\n<\/article><!-- #post-1079 -->\n<\/div><div class=\"col-md-6\">\n<article id=\"post-1084\" class=\"bg-white mb-4 has-shadow post-1084 post type-post status-publish format-standard hentry category-allgemein tag-attenkirchen tag-gol-attenkirchen tag-immer-einen-schritt-voraus tag-kommunalwahl-2026 tag-thalham\">\n\t<div class=\"\">\n\t\t\t\t<div class=\"p-45\">\n\t\t\t<header class=\"entry-header mb-2\">\n\t\t\t\t\t\t\t\t<h2 class=\"card-title h4 mb-3\"><a href=\"https:\/\/gruene-freising.de\/gol-attenkirchen\/pub-quiz-in-thalham\/\" rel=\"bookmark\">Pub-Quiz in Thalham<\/a><\/h2>\t\t\t\t\t<div class=\"entry-meta mb-3\">\n\t\t\t\t\t\t<span class=\"posted-on\"><time class=\"entry-date published\" datetime=\"2026-02-11T18:03:00+01:00\">11. Februar 2026<\/time><time class=\"updated\" datetime=\"2026-02-25T18:08:28+01:00\">25. Februar 2026<\/time><\/span>\t\t\t\t\t<\/div><!-- .entry-meta -->\n\t\t\t\t\t\t\t\t<\/header><!-- .entry-header -->\n\n\t\t\t<div class=\"entry-content\">\n\t\t\t\t<a href=\"https:\/\/gruene-freising.de\/gol-attenkirchen\/pub-quiz-in-thalham\/\" rel=\"bookmark\">\n\t\t\t\t<p>Wir hatten einen wunderbaren Abend mit euch. Alle hatten einen riesen Spa\u00df beim ersten Pub-Quiz in der Gemeinde Attenkirchen und freuten sich \u00fcber die Preise f\u00fcr Gewinner: Gutscheine f\u00fcr die [&hellip;]<\/p>\n\t\t\t\t<\/a>\n\t\t\t<\/div><!-- .entry-content -->\n\n\t\t\t<footer class=\"entry-footer\">\n\t\t\t\t\t\t\t<div class=\"d-flex mt-2 mb-2\">\n\t\t\t\t\t\t\t\t<div>\n\t\t<span class=\"cat-links small\"><a href=\"https:\/\/gruene-freising.de\/gol-attenkirchen\/category\/allgemein\/\" rel=\"category tag\">Allgemein<\/a><\/span><br><span class=\"tags-links small\"><a href=\"https:\/\/gruene-freising.de\/gol-attenkirchen\/tag\/attenkirchen\/\" rel=\"tag\">Attenkirchen<\/a>, <a href=\"https:\/\/gruene-freising.de\/gol-attenkirchen\/tag\/gol-attenkirchen\/\" rel=\"tag\">GOL Attenkirchen<\/a>, <a href=\"https:\/\/gruene-freising.de\/gol-attenkirchen\/tag\/immer-einen-schritt-voraus\/\" rel=\"tag\">Immer einen Schritt voraus<\/a>, <a href=\"https:\/\/gruene-freising.de\/gol-attenkirchen\/tag\/kommunalwahl-2026\/\" rel=\"tag\">Kommunalwahl 2026<\/a>, <a href=\"https:\/\/gruene-freising.de\/gol-attenkirchen\/tag\/thalham\/\" rel=\"tag\">Thalham<\/a><\/span>\n\t\t\t\t<\/div>\n\t\t\t<\/div>\n\t\t\n\t\t\t\t<div class=\"d-flex flex-row-reverse\">\n\t\t\t\t\t<a href=\"https:\/\/gruene-freising.de\/gol-attenkirchen\/pub-quiz-in-thalham\/\" rel=\"bookmark\" class=\"continue-reading\">\n\t\t\t\t\tweiterlesen\t\t\t\t<\/a>\n\t\t\t\t<\/div>\n\t\t\t<\/footer><!-- .entry-footer -->\n\t\t<\/div>\n\t<\/div>\n<\/article><!-- #post-1084 -->\n<\/div>\n    <a class=\"text-white no-link d-block bg-primary has-green-550-hover-background-color border-radius\" href=\"https:\/\/gruene-freising.de\/gol-attenkirchen?post_type=post\" rel=\"\">\n        <div class=\"p-45 row\">\n        <span class=\"continue-reading text-white text-center pt-0\">zu den \u00e4lteren Beitr\u00e4gen<\/span>\n        <\/div>\n    <\/a>\n<\/div><\/div><\/div><\/div>\n<\/div>\n","protected":false},"excerpt":{"rendered":"","protected":false},"author":31,"featured_media":0,"parent":0,"menu_order":0,"comment_status":"closed","ping_status":"closed","template":"","meta":{"footnotes":""},"class_list":["post-386","page","type-page","status-publish","hentry"],"jetpack_sharing_enabled":true,"_links":{"self":[{"href":"https:\/\/gruene-freising.de\/gol-attenkirchen\/wp-json\/wp\/v2\/pages\/386","targetHints":{"allow":["GET"]}}],"collection":[{"href":"https:\/\/gruene-freising.de\/gol-attenkirchen\/wp-json\/wp\/v2\/pages"}],"about":[{"href":"https:\/\/gruene-freising.de\/gol-attenkirchen\/wp-json\/wp\/v2\/types\/page"}],"author":[{"embeddable":true,"href":"https:\/\/gruene-freising.de\/gol-attenkirchen\/wp-json\/wp\/v2\/users\/31"}],"replies":[{"embeddable":true,"href":"https:\/\/gruene-freising.de\/gol-attenkirchen\/wp-json\/wp\/v2\/comments?post=386"}],"version-history":[{"count":7,"href":"https:\/\/gruene-freising.de\/gol-attenkirchen\/wp-json\/wp\/v2\/pages\/386\/revisions"}],"predecessor-version":[{"id":692,"href":"https:\/\/gruene-freising.de\/gol-attenkirchen\/wp-json\/wp\/v2\/pages\/386\/revisions\/692"}],"wp:attachment":[{"href":"https:\/\/gruene-freising.de\/gol-attenkirchen\/wp-json\/wp\/v2\/media?parent=386"}],"curies":[{"name":"wp","href":"https:\/\/api.w.org\/{rel}","templated":true}]}}