{"id":410,"date":"2025-11-14T21:19:48","date_gmt":"2025-11-14T20:19:48","guid":{"rendered":"https:\/\/wordpress07.gcms.verdigado.net\/gol-attenkirchen-test\/?page_id=410"},"modified":"2026-01-02T14:29:50","modified_gmt":"2026-01-02T13:29:50","slug":"unsere-kandidatinnen-und-kandidaten","status":"publish","type":"page","link":"https:\/\/gruene-freising.de\/gol-attenkirchen\/unsere-kandidatinnen-und-kandidaten\/","title":{"rendered":"Unser Team 2026"},"content":{"rendered":"\n<p>Unsere 14 Kandidatinnen und Kandidaten sowie ein Nachr\u00fccker bilden unser tolles Team f\u00fcr die Kommunalwahlen 2026.<\/p>\n\n\n\n<p>Eine Kurzfassung von jeder Kandidatin und jedem Kandidaten findet ihr unter <a href=\"https:\/\/gruene-freising.de\/gol-attenkirchen\/einzelvorstellungen-2026\/\" data-type=\"page\" data-id=\"589\">Einzelvorstellungen 2026<\/a>. Wenn ihr dort auf die &gt;&gt;Bilder&lt;&lt; tippt oder klickt, dann bekommt ihr noch eine umfassendere Vorstellung der jeweiligen Kandidatinnen und Kandidaten.<\/p>\n\n\n\n<p>Unser Team verf\u00fcgt \u00fcber Expertenwissen in den Bereichen Verwaltung, Personalf\u00fchrung, Projektmanagement, Bauplanung, Landschaftsplanung, Artenschutz, Solar- und Geothermie, Agrar- und Forstwirtschaft, Finanzen, Sozialp\u00e4dagogik, Vereinswesen, Informationstechnologie, Beteiligungsverfahren, Gesundheitswesen, \u00fcber viel Ideenreichtum und Sachkompetenz f\u00fcr kommunale Entwicklungsm\u00f6glichkeiten sowie \u00fcber ein Herz f\u00fcr Menschen und Umwelt.<\/p>\n\n\n\n<p>Besonders gl\u00fccklich sind wir dar\u00fcber, dass wir unsere Liste mit gleichvielen Frauen wie M\u00e4nnern besetzen konnten. Das schaffen die anderen zur Kommunalwahl antretenden Listen nicht ann\u00e4hernd. Mehr Frauen in der Gemeindepolitik w\u00fcrde uns allen sehr gut tun.<\/p>\n\n\n\n<figure class=\"wp-block-image size-large\"><img loading=\"lazy\" decoding=\"async\" width=\"1024\" height=\"1024\" src=\"https:\/\/gruene-freising.de\/gol-attenkirchen\/wp-content\/uploads\/sites\/17\/2025\/12\/GOL_Gruppenfoto_bearbeitet_Nov2025-1024x1024.jpeg\" alt=\"\" class=\"wp-image-1009\" \/><figcaption>Foto: Elke Ritthaler<\/figcaption><\/figure>\n\n\n\n<p class=\"has-small-font-size\">hinten von links: Manuel Huber, Tobias Bausenwein, Florian Gr\u00e4nzer, Rhena Klausz-Triest, Dominik Bausenwein, Conny Vujkov (Scherer), Zdravko Vujkov<\/p>\n\n\n\n<p class=\"has-small-font-size\">mittig von links: Dr. Walter Schlott, Thilo Mittag, Dr. Max Pilgram, Silke Friese, Helga Rothm\u00fcller<\/p>\n\n\n\n<p class=\"has-small-font-size\">vorne von links: Babsi Weinberger, Monika H\u00fctten, Andrea Speckmaier<\/p>\n","protected":false},"excerpt":{"rendered":"<p>Unsere 14 Kandidatinnen und Kandidaten sowie ein Nachr\u00fccker bilden unser tolles Team f\u00fcr die Kommunalwahlen 2026. Eine Kurzfassung von jeder Kandidatin und jedem Kandidaten findet ihr unter Einzelvorstellungen 2026. Wenn [&hellip;]<\/p>\n","protected":false},"author":31,"featured_media":0,"parent":0,"menu_order":0,"comment_status":"closed","ping_status":"closed","template":"","meta":{"footnotes":""},"class_list":["post-410","page","type-page","status-publish","hentry"],"jetpack_sharing_enabled":true,"_links":{"self":[{"href":"https:\/\/gruene-freising.de\/gol-attenkirchen\/wp-json\/wp\/v2\/pages\/410","targetHints":{"allow":["GET"]}}],"collection":[{"href":"https:\/\/gruene-freising.de\/gol-attenkirchen\/wp-json\/wp\/v2\/pages"}],"about":[{"href":"https:\/\/gruene-freising.de\/gol-attenkirchen\/wp-json\/wp\/v2\/types\/page"}],"author":[{"embeddable":true,"href":"https:\/\/gruene-freising.de\/gol-attenkirchen\/wp-json\/wp\/v2\/users\/31"}],"replies":[{"embeddable":true,"href":"https:\/\/gruene-freising.de\/gol-attenkirchen\/wp-json\/wp\/v2\/comments?post=410"}],"version-history":[{"count":13,"href":"https:\/\/gruene-freising.de\/gol-attenkirchen\/wp-json\/wp\/v2\/pages\/410\/revisions"}],"predecessor-version":[{"id":1040,"href":"https:\/\/gruene-freising.de\/gol-attenkirchen\/wp-json\/wp\/v2\/pages\/410\/revisions\/1040"}],"wp:attachment":[{"href":"https:\/\/gruene-freising.de\/gol-attenkirchen\/wp-json\/wp\/v2\/media?parent=410"}],"curies":[{"name":"wp","href":"https:\/\/api.w.org\/{rel}","templated":true}]}}