{"id":413,"date":"2025-11-14T21:21:14","date_gmt":"2025-11-14T20:21:14","guid":{"rendered":"https:\/\/wordpress07.gcms.verdigado.net\/gol-attenkirchen-test\/?page_id=413"},"modified":"2026-01-02T17:57:20","modified_gmt":"2026-01-02T16:57:20","slug":"unser-wahlprogramm-2026","status":"publish","type":"page","link":"https:\/\/gruene-freising.de\/gol-attenkirchen\/unser-wahlprogramm-2026\/","title":{"rendered":"Unser Wahlprogramm 2026"},"content":{"rendered":"\n<p>Zukunft Attenkirchen &#8211; Was wir wollen und unser zielgerichteter Weg dorthin<\/p>\n\n\n\n<div class=\"wp-block-columns is-layout-flex wp-container-core-columns-is-layout-9d6595d7 wp-block-columns-is-layout-flex\">\n<div class=\"wp-block-column is-layout-flow wp-block-column-is-layout-flow\">\n<h2 class=\"wp-block-heading\">Gemeindeentwicklung und Finanzen<\/h2>\n\n\n\n<p>Attenkirchen soll mit solider Finanzpolitik, neuen Gewerbefl\u00e4chen und einer starken Nahversorgung zukunftsf\u00e4hig entwickelt werden. Dies schlie\u00dft den Bau eines neuen Feuerwehrhauses mit ein.<\/p>\n<\/div>\n\n\n\n<div class=\"wp-block-column is-layout-flow wp-block-column-is-layout-flow\">\n<h2 class=\"wp-block-heading\">Wohnraum<\/h2>\n\n\n\n<p>Bezahlbarer, nachhaltiger Wohnraum f\u00fcr Ortsans\u00e4ssige und Familien entsteht durch ma\u00dfvolle Baugebiete. Ein neues Ortsentwicklungskonzept schlie\u00dft zeitgem\u00e4\u00dfes Wohnen und Gewerbe an der n\u00f6rdlichen B301 ein.<\/p>\n<\/div>\n<\/div>\n\n\n\n<div class=\"wp-block-columns is-layout-flex wp-container-core-columns-is-layout-9d6595d7 wp-block-columns-is-layout-flex\">\n<div class=\"wp-block-column is-layout-flow wp-block-column-is-layout-flow\">\n<h2 class=\"wp-block-heading\">Energiewende<\/h2>\n\n\n\n<p>Ein ausgewogenes Entwickeln von Photovoltaik, Windkraft und E-Mobilit\u00e4t sowie nachhaltige Gemeindebauten machen Attenkirchen klimafreundlich und zukunftsorientiert.<\/p>\n<\/div>\n\n\n\n<div class=\"wp-block-column is-layout-flow wp-block-column-is-layout-flow\">\n<h2 class=\"wp-block-heading\">Verkehr und Lebensqualit\u00e4t<\/h2>\n\n\n\n<p>Weniger L\u00e4rm, mehr Sicherheit: Mit Tempo 30, sicheren Schulwegen, besseren Bus- und Radverbindungen steigern wir die Lebensqualit\u00e4t &#8211; ganz ohne neue Umgehungsstra\u00dfe.<\/p>\n<\/div>\n<\/div>\n\n\n\n<div class=\"wp-block-columns is-layout-flex wp-container-core-columns-is-layout-9d6595d7 wp-block-columns-is-layout-flex\">\n<div class=\"wp-block-column is-layout-flow wp-block-column-is-layout-flow\">\n<h2 class=\"wp-block-heading\">Soziales Miteinander<\/h2>\n\n\n\n<p>Gesundheitsversorgung und seniorengerechtes Wohnen werden gef\u00f6rdert, Sportst\u00e4tten und Spielpl\u00e4tze vorausschauend weiterentwickelt, die Jugendarbeit der Vereine nachdr\u00fccklich unterst\u00fctzt, um das Gemeinschaftsleben zu st\u00e4rken.<\/p>\n<\/div>\n\n\n\n<div class=\"wp-block-column is-layout-flow wp-block-column-is-layout-flow\">\n<h2 class=\"wp-block-heading\">Glasfaserausbau<\/h2>\n\n\n\n<p>Wir treiben den Glasfaserausbau mit klaren, fachkundigen Entscheidungen und mehr Nachdruck gegen\u00fcber der Telekom voran &#8211; f\u00fcr eine zukunftssichere digitale Infrastruktur.<\/p>\n<\/div>\n<\/div>\n\n\n\n<div class=\"wp-block-columns is-layout-flex wp-container-core-columns-is-layout-9d6595d7 wp-block-columns-is-layout-flex\">\n<div class=\"wp-block-column is-layout-flow wp-block-column-is-layout-flow\">\n<h2 class=\"wp-block-heading\">Flugl\u00e4rm<\/h2>\n\n\n\n<p>Attenkirchen bezieht klar Stellung gegen steigenden Flugl\u00e4rm und fordert strengere Nachtflugregeln sowie Mitsprache in der Flugl\u00e4rmkommission.<\/p>\n<\/div>\n\n\n\n<div class=\"wp-block-column is-layout-flow wp-block-column-is-layout-flow\">\n<h2 class=\"wp-block-heading\">Landwirtschaft<\/h2>\n\n\n\n<p>Regionale Direktvermarkter werden durch bessere Sichtbarkeit, Werbung und moderne Verkaufsm\u00f6glichkeiten unterst\u00fctzt.<\/p>\n<\/div>\n<\/div>\n\n\n\n<div class=\"wp-block-columns is-layout-flex wp-container-core-columns-is-layout-9d6595d7 wp-block-columns-is-layout-flex\">\n<div class=\"wp-block-column is-layout-flow wp-block-column-is-layout-flow\">\n<h2 class=\"wp-block-heading\">Naturnahe Ortsgestaltung<\/h2>\n\n\n\n<p>Mehr \u00f6kologische Vielfalt durch Bl\u00fchfl\u00e4chen, Gr\u00fcnordnung, B\u00e4ume, Entsiegelung und eine naturverbundene Dorfgestaltung.<\/p>\n<\/div>\n\n\n\n<div class=\"wp-block-column is-layout-flow wp-block-column-is-layout-flow\">\n<h2 class=\"wp-block-heading\">Gemeinsam &#8230;<\/h2>\n\n\n\n<p>&#8230; und in Fortsetzung einer partnerschaftlichen Zusammenarbeit mit B\u00fcrgermeister Mathias Kern gestalten wir mit den Zielen der Gr\u00fcnen Offenen Liste eine nachhaltige, lebenswerte und zukunftsorientierte Gemeinde &#8211; f\u00fcr alle Generationen in Attenkirchen.<\/p>\n<\/div>\n<\/div>\n\n\n\n<p><\/p>\n","protected":false},"excerpt":{"rendered":"<p>Zukunft Attenkirchen &#8211; Was wir wollen und unser zielgerichteter Weg dorthin Gemeindeentwicklung und Finanzen Attenkirchen soll mit solider Finanzpolitik, neuen Gewerbefl\u00e4chen und einer starken Nahversorgung zukunftsf\u00e4hig entwickelt werden. Dies schlie\u00dft [&hellip;]<\/p>\n","protected":false},"author":31,"featured_media":0,"parent":0,"menu_order":0,"comment_status":"closed","ping_status":"closed","template":"","meta":{"footnotes":""},"class_list":["post-413","page","type-page","status-publish","hentry"],"jetpack_sharing_enabled":true,"_links":{"self":[{"href":"https:\/\/gruene-freising.de\/gol-attenkirchen\/wp-json\/wp\/v2\/pages\/413","targetHints":{"allow":["GET"]}}],"collection":[{"href":"https:\/\/gruene-freising.de\/gol-attenkirchen\/wp-json\/wp\/v2\/pages"}],"about":[{"href":"https:\/\/gruene-freising.de\/gol-attenkirchen\/wp-json\/wp\/v2\/types\/page"}],"author":[{"embeddable":true,"href":"https:\/\/gruene-freising.de\/gol-attenkirchen\/wp-json\/wp\/v2\/users\/31"}],"replies":[{"embeddable":true,"href":"https:\/\/gruene-freising.de\/gol-attenkirchen\/wp-json\/wp\/v2\/comments?post=413"}],"version-history":[{"count":9,"href":"https:\/\/gruene-freising.de\/gol-attenkirchen\/wp-json\/wp\/v2\/pages\/413\/revisions"}],"predecessor-version":[{"id":1042,"href":"https:\/\/gruene-freising.de\/gol-attenkirchen\/wp-json\/wp\/v2\/pages\/413\/revisions\/1042"}],"wp:attachment":[{"href":"https:\/\/gruene-freising.de\/gol-attenkirchen\/wp-json\/wp\/v2\/media?parent=413"}],"curies":[{"name":"wp","href":"https:\/\/api.w.org\/{rel}","templated":true}]}}