{"id":42,"date":"2024-02-28T12:13:39","date_gmt":"2024-02-28T10:13:39","guid":{"rendered":"http:\/\/www.vetforum.de\/?page_id=42"},"modified":"2024-02-28T12:13:39","modified_gmt":"2024-02-28T10:13:39","slug":"datenschutzerklaerung-2","status":"publish","type":"page","link":"https:\/\/gruene-freising.de\/gol-attenkirchen\/datenschutzerklaerung-2\/","title":{"rendered":"Datenschutzerkl\u00e4rung"},"content":{"rendered":"\n<p>\u201eDer Schutz Ihrer pers\u00f6nlichen Daten ist uns ein besonderes Anliegen. Wir verarbeiten Ihre Daten daher ausschlie\u00dflich auf Grundlage der gesetzlichen Bestimmungen (DSGVO, TMG).<br>In diesen Datenschutzinformationen informieren wir Sie \u00fcber die wichtigsten Aspekte der Datenverarbeitung im Rahmen unserer Website.<\/p>\n\n\n\n<h4 class=\"wp-block-heading\">Kontakt mit uns<\/h4>\n\n\n\n<p>Wenn Sie per Formular auf der Website oder per E-Mail Kontakt mit uns aufnehmen, werden Ihre angegebenen Daten zwecks Bearbeitung der Anfrage und f\u00fcr den Fall von Anschlussfragen sechs Monate bei uns gespeichert.<\/p>\n\n\n\n<h4 class=\"wp-block-heading\">Datenl\u00f6schung und Speicherung<\/h4>\n\n\n\n<p>Ihre personenbezogenen Daten werden gel\u00f6scht oder gesperrt, sobald der Zweck der Speicherung entf\u00e4llt. Eine l\u00e4ngere Speicherung kann dann erfolgen, wenn der L\u00f6schung eine gesetzliche Aufbewahrungsfrist z.B. aus der Abgabenordnung oder dem HGB entgegensteht. Eine Weitergabe an Dritte erfolgt nicht.<\/p>\n\n\n\n<h4 class=\"wp-block-heading\">Cookies<\/h4>\n\n\n\n<p>Unsere Website verwendet so genannte Cookies. Dabei handelt es sich um kleine Textdateien, die mit Hilfe des Browsers auf Ihrem Endger\u00e4t abgelegt werden. Sie richten keinen Schaden an. Wir nutzen Cookies dazu, unser Angebot nutzerfreundlich zu gestalten. Einige Cookies bleiben auf Ihrem Endger\u00e4t gespeichert, bis Sie diese l\u00f6schen. Sie erm\u00f6glichen es uns, Ihren Browser beim n\u00e4chsten Besuch wiederzuerkennen. Wenn Sie dies nicht w\u00fcnschen, so k\u00f6nnen Sie Ihren Browser so einrichten, dass er Sie \u00fcber das Setzen von Cookies informiert und Sie dies nur im Einzelfall erlauben. Bei der Deaktivierung von Cookies kann die Funktionalit\u00e4t unserer Website eingeschr\u00e4nkt sein.<\/p>\n\n\n\n<h4 class=\"wp-block-heading\">Nutzungsdaten &amp; Serverlogs<\/h4>\n\n\n\n<p>Wir erheben und speichern Nutzungsdaten in den Logs des Webservers. Erfasst werden Informationen wie<\/p>\n\n\n\n<ul class=\"wp-block-list\">\n<li>Adressen von Seitenaufrufen<\/li>\n\n\n\n<li>Datum und Uhrzeit von Seitenaufrufen inkl. m\u00f6glicher Downloads<\/li>\n\n\n\n<li>Informationen \u00fcber das Endger\u00e4t<\/li>\n\n\n\n<li>Abh\u00e4ngig vom Browser ggf. Informationen \u00fcber das Betriebssystem des Endger\u00e4tes sowie Informationen \u00fcber den verwendeten Browser<\/li>\n\n\n\n<li>IP<\/li>\n<\/ul>\n\n\n\n<p>Die Serverlogs speichern wir tempor\u00e4r f\u00fcr 1 Jahr insbesondere um die Sicherheit des Systems gew\u00e4hrleisten zu k\u00f6nnen, etwa wenn wir bestimmte IPs bei Bot-Attacken sperren m\u00fcssen, aber auch um bei rechtswidrigem Verhalten die Option zu haben, IPs an Strafverfolgungsbeh\u00f6rden weiter geben zu k\u00f6nnen. Zugriff auf Serverlogs haben nur berechtigte Personen (Systemadministrator).<\/p>\n\n\n\n<h4 class=\"wp-block-heading\">Rechtsgrundlage<\/h4>\n\n\n\n<p>Die Datenverarbeitung erfolgt auf Basis der gesetzlichen Bestimmungen und folgender Rechtsgrundlagen:<\/p>\n\n\n\n<ul class=\"wp-block-list\">\n<li>Einwilligung<\/li>\n\n\n\n<li>Vertragserf\u00fcllung oder vorvertragliche Ma\u00dfnahmen<\/li>\n\n\n\n<li>rechtliche Verpflichtungen<\/li>\n\n\n\n<li>Zur Wahrung eines berechtigten Interesses, die Interessen, Grundrechte und Grundfreiheiten der Betroffenen \u00fcberwiegen das erstgenannte Interesse nicht.<\/li>\n<\/ul>\n\n\n\n<p>Unser Anliegen im Sinne der DSGVO (berechtigtes Interesse) ist die Verbesserung unseres Angebotes und unseres Webauftritts.<\/p>\n\n\n\n<h4 class=\"wp-block-heading\">Ihre Rechte<\/h4>\n\n\n\n<p>Ihnen stehen grunds\u00e4tzlich die Rechte auf Auskunft, Berichtigung, L\u00f6schung, Einschr\u00e4nkung, Daten\u00fcbertragbarkeit, Widerruf und Widerspruch zu. Wenn Sie glauben, dass die Verarbeitung Ihrer Daten gegen das Datenschutzrecht verst\u00f6\u00dft oder Ihre datenschutzrechtlichen Anspr\u00fcche sonst in einer Weise verletzt worden sind, k\u00f6nnen Sie sich bei der Aufsichtsbeh\u00f6rde beschweren. In Bayern ist dies:<br>Prof. Dr. Thomas Petri<br>Adresse: Postfach 221219, 80502 M\u00fcnchen<br>Besuchen: Wagm\u00fcllerstra\u00dfe 18, 80538 M\u00fcnchen<br>Anrufen: 089 212672-0<br>Faxen: 089 212672-50<br>Mailen: poststelle@datenschutz-bayern.de<br>USt-IdNr.: DE 811335517<\/p>\n\n\n\n<p><br>Chris van der Meijden<br>Gr\u00fcnfinkenweg 5<br>85395 Attenkirchen<\/p>\n\n\n\n<p>Telefon: 08168 9998379<br>systems@m-scene.de<\/p>\n","protected":false},"excerpt":{"rendered":"<p>\u201eDer Schutz Ihrer pers\u00f6nlichen Daten ist uns ein besonderes Anliegen. Wir verarbeiten Ihre Daten daher ausschlie\u00dflich auf Grundlage der gesetzlichen Bestimmungen (DSGVO, TMG).In diesen Datenschutzinformationen informieren wir Sie \u00fcber die [&hellip;]<\/p>\n","protected":false},"author":27,"featured_media":0,"parent":0,"menu_order":0,"comment_status":"closed","ping_status":"closed","template":"","meta":{"footnotes":""},"class_list":["post-42","page","type-page","status-publish","hentry"],"jetpack_sharing_enabled":true,"_links":{"self":[{"href":"https:\/\/gruene-freising.de\/gol-attenkirchen\/wp-json\/wp\/v2\/pages\/42","targetHints":{"allow":["GET"]}}],"collection":[{"href":"https:\/\/gruene-freising.de\/gol-attenkirchen\/wp-json\/wp\/v2\/pages"}],"about":[{"href":"https:\/\/gruene-freising.de\/gol-attenkirchen\/wp-json\/wp\/v2\/types\/page"}],"author":[{"embeddable":true,"href":"https:\/\/gruene-freising.de\/gol-attenkirchen\/wp-json\/wp\/v2\/users\/27"}],"replies":[{"embeddable":true,"href":"https:\/\/gruene-freising.de\/gol-attenkirchen\/wp-json\/wp\/v2\/comments?post=42"}],"version-history":[{"count":0,"href":"https:\/\/gruene-freising.de\/gol-attenkirchen\/wp-json\/wp\/v2\/pages\/42\/revisions"}],"wp:attachment":[{"href":"https:\/\/gruene-freising.de\/gol-attenkirchen\/wp-json\/wp\/v2\/media?parent=42"}],"curies":[{"name":"wp","href":"https:\/\/api.w.org\/{rel}","templated":true}]}}