{"id":757,"date":"2025-12-21T14:50:28","date_gmt":"2025-12-21T13:50:28","guid":{"rendered":"https:\/\/wordpress07.gcms.verdigado.net\/gol-attenkirchen-test\/?page_id=757"},"modified":"2026-01-02T12:40:10","modified_gmt":"2026-01-02T11:40:10","slug":"dr-walter-schlott","status":"publish","type":"page","link":"https:\/\/gruene-freising.de\/gol-attenkirchen\/dr-walter-schlott\/","title":{"rendered":"Dr. Walter Schlott"},"content":{"rendered":"\n<div class=\"wp-block-columns is-layout-flex wp-container-core-columns-is-layout-9d6595d7 wp-block-columns-is-layout-flex\">\n<div class=\"wp-block-column has-gray-background-color has-background is-layout-flow wp-block-column-is-layout-flow\" style=\"flex-basis:33.33%\">\n<figure class=\"wp-block-image size-large\"><img loading=\"lazy\" decoding=\"async\" width=\"1024\" height=\"1024\" src=\"https:\/\/wordpress07.gcms.verdigado.net\/gol-attenkirchen-test\/wp-content\/uploads\/sites\/17\/2025\/11\/GoL-Attenkirchen-01-Walter-1-scaled-e1763419410832-1024x1024.jpg\" alt=\"Dr. Walter Schlott\" class=\"wp-image-471\" srcset=\"https:\/\/gruene-freising.de\/gol-attenkirchen\/wp-content\/uploads\/sites\/17\/2025\/11\/GoL-Attenkirchen-01-Walter-1-scaled-e1763419410832-1024x1024.jpg 1024w, https:\/\/gruene-freising.de\/gol-attenkirchen\/wp-content\/uploads\/sites\/17\/2025\/11\/GoL-Attenkirchen-01-Walter-1-scaled-e1763419410832-300x300.jpg 300w, https:\/\/gruene-freising.de\/gol-attenkirchen\/wp-content\/uploads\/sites\/17\/2025\/11\/GoL-Attenkirchen-01-Walter-1-scaled-e1763419410832-150x150.jpg 150w, https:\/\/gruene-freising.de\/gol-attenkirchen\/wp-content\/uploads\/sites\/17\/2025\/11\/GoL-Attenkirchen-01-Walter-1-scaled-e1763419410832-768x768.jpg 768w, https:\/\/gruene-freising.de\/gol-attenkirchen\/wp-content\/uploads\/sites\/17\/2025\/11\/GoL-Attenkirchen-01-Walter-1-scaled-e1763419410832-1536x1536.jpg 1536w, https:\/\/gruene-freising.de\/gol-attenkirchen\/wp-content\/uploads\/sites\/17\/2025\/11\/GoL-Attenkirchen-01-Walter-1-scaled-e1763419410832.jpg 1707w\" sizes=\"auto, (max-width: 1024px) 100vw, 1024px\" \/><\/figure>\n\n\n\n<h2 class=\"wp-block-heading\">Dr. Walter Schlott<\/h2>\n\n\n\n<p>Bundesbankbeamter in der IT<br>und Diplom-Forstwirt<\/p>\n\n\n\n<p>Gemeinderatsmitglied<\/p>\n\n\n\n<p>Thalham<\/p>\n\n\n\n<p>Listenplatz 1<\/p>\n\n\n\n<p class=\"has-tanne-color has-text-color has-link-color has-medium-font-size wp-elements-c9acd1b0bf297e6dcaf902ab990aa0b6\">Es bereitet mir Freude, f\u00fcr die Gegenwart und Zukunft der Menschen hier die bestm\u00f6glichen und verantwortungsvollsten L\u00f6sungen voranzubringen.<\/p>\n<\/div>\n\n\n\n<div class=\"wp-block-column is-layout-flow wp-block-column-is-layout-flow\" style=\"flex-basis:66.66%\">\n<h2 class=\"wp-block-heading\">Hier stellen wir euch Dr. Walter Schlott vor, <br>Bundesbankbeamter in der IT und 53 Jahre alt<\/h2>\n\n\n\n<hr class=\"wp-block-separator has-alpha-channel-opacity\" \/>\n\n\n\n<h2 class=\"wp-block-heading\">Ehren\u00e4mter<\/h2>\n\n\n\n<p>Gemeinderatsmitglied, Abteilungsleiter, Trainer und Schiedsrichter f\u00fcr Handball, Initiative gegen Flugl\u00e4rm<\/p>\n\n\n\n<h2 class=\"wp-block-heading\">Kaffee oder Tee?<\/h2>\n\n\n\n<p>Tee<\/p>\n\n\n\n<h2 class=\"wp-block-heading\">Notizen mit Stift und Papier oder Tablet?<\/h2>\n\n\n\n<p>Tablet<\/p>\n\n\n\n<h2 class=\"wp-block-heading\">Nachtmensch oder Fr\u00fchaufsteher?<\/h2>\n\n\n\n<p>Nachtmensch<\/p>\n\n\n\n<h2 class=\"wp-block-heading\">Das Wichtigste was unsere Gemeinde nicht hat?<\/h2>\n\n\n\n<p>Geld<\/p>\n\n\n\n<h2 class=\"wp-block-heading\">Was liebst du an Attenkirchen?<\/h2>\n\n\n\n<p>Die Menschen um mich herum<\/p>\n\n\n\n<h2 class=\"wp-block-heading\">Was bedeutet Heimat f\u00fcr dich?<\/h2>\n\n\n\n<p>Familie, Freunde und Bekannte um mich zu haben<\/p>\n\n\n\n<h2 class=\"wp-block-heading\">Welche Ver\u00e4nderung w\u00fcrdest du sofort umsetzen, wenn du k\u00f6nntest?<\/h2>\n\n\n\n<p>Das neue Feuerwehrhaus einfach bauen<\/p>\n\n\n\n<h2 class=\"wp-block-heading\">Womit beginnt f\u00fcr dich ein guter Tag?<\/h2>\n\n\n\n<p>Mit einem Hei\u00dfgetr\u00e4nk, Sonnenstrahlen und lieben Menschen um mich herum<\/p>\n\n\n\n<h2 class=\"wp-block-heading\">Was bringt dich zum L\u00e4cheln, selbst an langen Arbeitstagen?<\/h2>\n\n\n\n<p>Ein humorvoller Spruch<\/p>\n\n\n\n<h2 class=\"wp-block-heading\">Welcher Ort in Attenkirchen ist f\u00fcr dich ein Wohlf\u00fchlplatz?<\/h2>\n\n\n\n<p>Mein Garten<\/p>\n<\/div>\n<\/div>\n","protected":false},"excerpt":{"rendered":"<p>Dr. Walter Schlott Bundesbankbeamter in der ITund Diplom-Forstwirt Gemeinderatsmitglied Thalham Listenplatz 1 Es bereitet mir Freude, f\u00fcr die Gegenwart und Zukunft der Menschen hier die bestm\u00f6glichen und verantwortungsvollsten L\u00f6sungen voranzubringen. [&hellip;]<\/p>\n","protected":false},"author":31,"featured_media":0,"parent":0,"menu_order":0,"comment_status":"closed","ping_status":"closed","template":"","meta":{"footnotes":""},"class_list":["post-757","page","type-page","status-publish","hentry"],"jetpack_sharing_enabled":true,"_links":{"self":[{"href":"https:\/\/gruene-freising.de\/gol-attenkirchen\/wp-json\/wp\/v2\/pages\/757","targetHints":{"allow":["GET"]}}],"collection":[{"href":"https:\/\/gruene-freising.de\/gol-attenkirchen\/wp-json\/wp\/v2\/pages"}],"about":[{"href":"https:\/\/gruene-freising.de\/gol-attenkirchen\/wp-json\/wp\/v2\/types\/page"}],"author":[{"embeddable":true,"href":"https:\/\/gruene-freising.de\/gol-attenkirchen\/wp-json\/wp\/v2\/users\/31"}],"replies":[{"embeddable":true,"href":"https:\/\/gruene-freising.de\/gol-attenkirchen\/wp-json\/wp\/v2\/comments?post=757"}],"version-history":[{"count":7,"href":"https:\/\/gruene-freising.de\/gol-attenkirchen\/wp-json\/wp\/v2\/pages\/757\/revisions"}],"predecessor-version":[{"id":1033,"href":"https:\/\/gruene-freising.de\/gol-attenkirchen\/wp-json\/wp\/v2\/pages\/757\/revisions\/1033"}],"wp:attachment":[{"href":"https:\/\/gruene-freising.de\/gol-attenkirchen\/wp-json\/wp\/v2\/media?parent=757"}],"curies":[{"name":"wp","href":"https:\/\/api.w.org\/{rel}","templated":true}]}}