{"id":760,"date":"2025-12-21T15:00:03","date_gmt":"2025-12-21T14:00:03","guid":{"rendered":"https:\/\/wordpress07.gcms.verdigado.net\/gol-attenkirchen-test\/?page_id=760"},"modified":"2026-03-24T09:45:42","modified_gmt":"2026-03-24T08:45:42","slug":"florian-graenzer","status":"publish","type":"page","link":"https:\/\/gruene-freising.de\/gol-attenkirchen\/florian-graenzer\/","title":{"rendered":"Florian Gr\u00e4nzer"},"content":{"rendered":"\n<div class=\"wp-block-columns is-layout-flex wp-container-core-columns-is-layout-9d6595d7 wp-block-columns-is-layout-flex\">\n<div class=\"wp-block-column has-gray-background-color has-background is-layout-flow wp-block-column-is-layout-flow\" style=\"flex-basis:33.33%\">\n<figure class=\"wp-block-image size-large\"><img loading=\"lazy\" decoding=\"async\" width=\"1024\" height=\"1024\" src=\"https:\/\/gruene-freising.de\/gol-attenkirchen\/wp-content\/uploads\/sites\/17\/2026\/03\/34439CEC-F4C1-4E0A-90D9-B9FA0681ED18-1024x1024.png\" alt=\"\" class=\"wp-image-1123\" srcset=\"https:\/\/gruene-freising.de\/gol-attenkirchen\/wp-content\/uploads\/sites\/17\/2026\/03\/34439CEC-F4C1-4E0A-90D9-B9FA0681ED18-1024x1024.png 1024w, https:\/\/gruene-freising.de\/gol-attenkirchen\/wp-content\/uploads\/sites\/17\/2026\/03\/34439CEC-F4C1-4E0A-90D9-B9FA0681ED18-300x300.png 300w, https:\/\/gruene-freising.de\/gol-attenkirchen\/wp-content\/uploads\/sites\/17\/2026\/03\/34439CEC-F4C1-4E0A-90D9-B9FA0681ED18-150x150.png 150w, https:\/\/gruene-freising.de\/gol-attenkirchen\/wp-content\/uploads\/sites\/17\/2026\/03\/34439CEC-F4C1-4E0A-90D9-B9FA0681ED18-768x768.png 768w, https:\/\/gruene-freising.de\/gol-attenkirchen\/wp-content\/uploads\/sites\/17\/2026\/03\/34439CEC-F4C1-4E0A-90D9-B9FA0681ED18-1536x1536.png 1536w, https:\/\/gruene-freising.de\/gol-attenkirchen\/wp-content\/uploads\/sites\/17\/2026\/03\/34439CEC-F4C1-4E0A-90D9-B9FA0681ED18.png 1920w\" sizes=\"auto, (max-width: 1024px) 100vw, 1024px\" \/><\/figure>\n\n\n\n<h2 class=\"wp-block-heading\">Florian Gr\u00e4nzer<\/h2>\n\n\n\n<p>Informatiker<\/p>\n\n\n\n<p>Attenkirchen<\/p>\n\n\n\n<p>Listenplatz 3<\/p>\n\n\n\n<p class=\"has-tanne-color has-text-color has-link-color has-medium-font-size wp-elements-ae21f47108e6442ecd83b2068bf45956\">Unser Dorf als l\u00e4ndliche und lebenswerte Heimat erhalten und verbessern, f\u00fcr ein entspanntes Leben, das die Vorz\u00fcge von Stadt und Land \u00f6kologisch und attraktiv miteinander vereint.<\/p>\n<\/div>\n\n\n\n<div class=\"wp-block-column is-layout-flow wp-block-column-is-layout-flow\" style=\"flex-basis:66.66%\">\n<h2 class=\"wp-block-heading\">Hier stellen wir euch Florian Gr\u00e4nzer vor, <br>Informatiker aus Attenkirchen und 48 Jahre alt<\/h2>\n\n\n\n<hr class=\"wp-block-separator has-alpha-channel-opacity\" \/>\n\n\n\n<h2 class=\"wp-block-heading\">Ehren\u00e4mter<\/h2>\n\n\n\n<p>Beisitzer im Vorstand des B\u00fcrgervereins Freising<\/p>\n\n\n\n<h2 class=\"wp-block-heading\">Kaffee oder Tee?<\/h2>\n\n\n\n<p>Tee<\/p>\n\n\n\n<h2 class=\"wp-block-heading\">Notizen mit Stift und Papier oder Tablet?<\/h2>\n\n\n\n<p>Tablet<\/p>\n\n\n\n<h2 class=\"wp-block-heading\">Nachtmensch oder Fr\u00fchaufsteher?<\/h2>\n\n\n\n<p>Nachtmensch<\/p>\n\n\n\n<h2 class=\"wp-block-heading\">Was liebst du an Attenkirchen?<\/h2>\n\n\n\n<p>Die Lage<\/p>\n\n\n\n<h2 class=\"wp-block-heading\">Was bedeutet Heimat f\u00fcr dich?<\/h2>\n\n\n\n<p>ubi bene, ibi patria (wo es mir gut geht, da ist mein Vaterland)<\/p>\n\n\n\n<h2 class=\"wp-block-heading\">Welche Ver\u00e4nderung w\u00fcrdest du sofort umsetzen, wenn du k\u00f6nntest?<\/h2>\n\n\n\n<p>Reduzierung des Flugl\u00e4rms<\/p>\n\n\n\n<h2 class=\"wp-block-heading\">Welcher Ort in Attenkirchen ist f\u00fcr dich ein Wohlf\u00fchlplatz?<\/h2>\n\n\n\n<p>Orte mit Erinnerung<\/p>\n<\/div>\n<\/div>\n","protected":false},"excerpt":{"rendered":"<p>Florian Gr\u00e4nzer Informatiker Attenkirchen Listenplatz 3 Unser Dorf als l\u00e4ndliche und lebenswerte Heimat erhalten und verbessern, f\u00fcr ein entspanntes Leben, das die Vorz\u00fcge von Stadt und Land \u00f6kologisch und attraktiv [&hellip;]<\/p>\n","protected":false},"author":31,"featured_media":0,"parent":0,"menu_order":0,"comment_status":"closed","ping_status":"closed","template":"","meta":{"footnotes":""},"class_list":["post-760","page","type-page","status-publish","hentry"],"jetpack_sharing_enabled":true,"_links":{"self":[{"href":"https:\/\/gruene-freising.de\/gol-attenkirchen\/wp-json\/wp\/v2\/pages\/760","targetHints":{"allow":["GET"]}}],"collection":[{"href":"https:\/\/gruene-freising.de\/gol-attenkirchen\/wp-json\/wp\/v2\/pages"}],"about":[{"href":"https:\/\/gruene-freising.de\/gol-attenkirchen\/wp-json\/wp\/v2\/types\/page"}],"author":[{"embeddable":true,"href":"https:\/\/gruene-freising.de\/gol-attenkirchen\/wp-json\/wp\/v2\/users\/31"}],"replies":[{"embeddable":true,"href":"https:\/\/gruene-freising.de\/gol-attenkirchen\/wp-json\/wp\/v2\/comments?post=760"}],"version-history":[{"count":5,"href":"https:\/\/gruene-freising.de\/gol-attenkirchen\/wp-json\/wp\/v2\/pages\/760\/revisions"}],"predecessor-version":[{"id":1124,"href":"https:\/\/gruene-freising.de\/gol-attenkirchen\/wp-json\/wp\/v2\/pages\/760\/revisions\/1124"}],"wp:attachment":[{"href":"https:\/\/gruene-freising.de\/gol-attenkirchen\/wp-json\/wp\/v2\/media?parent=760"}],"curies":[{"name":"wp","href":"https:\/\/api.w.org\/{rel}","templated":true}]}}