{"id":763,"date":"2025-12-21T15:01:54","date_gmt":"2025-12-21T14:01:54","guid":{"rendered":"https:\/\/wordpress07.gcms.verdigado.net\/gol-attenkirchen-test\/?page_id=763"},"modified":"2026-01-02T12:39:28","modified_gmt":"2026-01-02T11:39:28","slug":"babsi-weinberger","status":"publish","type":"page","link":"https:\/\/gruene-freising.de\/gol-attenkirchen\/babsi-weinberger\/","title":{"rendered":"Babsi Weinberger"},"content":{"rendered":"\n<div class=\"wp-block-columns is-layout-flex wp-container-core-columns-is-layout-9d6595d7 wp-block-columns-is-layout-flex\">\n<div class=\"wp-block-column has-gray-background-color has-background is-layout-flow wp-block-column-is-layout-flow\" style=\"flex-basis:33.33%\">\n<figure class=\"wp-block-image size-large\"><img loading=\"lazy\" decoding=\"async\" width=\"1024\" height=\"1024\" src=\"https:\/\/wordpress07.gcms.verdigado.net\/gol-attenkirchen-test\/wp-content\/uploads\/sites\/17\/2025\/11\/GoL-Attenkirchen-04-Babsi-scaled-e1763419312898-1024x1024.jpg\" alt=\"Babsi Weinberger\" class=\"wp-image-474\" srcset=\"https:\/\/gruene-freising.de\/gol-attenkirchen\/wp-content\/uploads\/sites\/17\/2025\/11\/GoL-Attenkirchen-04-Babsi-scaled-e1763419312898-1024x1024.jpg 1024w, https:\/\/gruene-freising.de\/gol-attenkirchen\/wp-content\/uploads\/sites\/17\/2025\/11\/GoL-Attenkirchen-04-Babsi-scaled-e1763419312898-300x300.jpg 300w, https:\/\/gruene-freising.de\/gol-attenkirchen\/wp-content\/uploads\/sites\/17\/2025\/11\/GoL-Attenkirchen-04-Babsi-scaled-e1763419312898-150x150.jpg 150w, https:\/\/gruene-freising.de\/gol-attenkirchen\/wp-content\/uploads\/sites\/17\/2025\/11\/GoL-Attenkirchen-04-Babsi-scaled-e1763419312898-768x768.jpg 768w, https:\/\/gruene-freising.de\/gol-attenkirchen\/wp-content\/uploads\/sites\/17\/2025\/11\/GoL-Attenkirchen-04-Babsi-scaled-e1763419312898-1536x1536.jpg 1536w, https:\/\/gruene-freising.de\/gol-attenkirchen\/wp-content\/uploads\/sites\/17\/2025\/11\/GoL-Attenkirchen-04-Babsi-scaled-e1763419312898.jpg 1706w\" sizes=\"auto, (max-width: 1024px) 100vw, 1024px\" \/><\/figure>\n\n\n\n<h2 class=\"wp-block-heading\">Babsi Weinberger<\/h2>\n\n\n\n<p>Bankkaufrau und <br>Sparkassen-Betriebswirtin<\/p>\n\n\n\n<p>Gemeindebeauftragte<br>Ferienprogramm<\/p>\n\n\n\n<p>Attenkirchen<\/p>\n\n\n\n<p>Listenplatz 4<\/p>\n\n\n\n<p class=\"has-tanne-color has-text-color has-link-color has-medium-font-size wp-elements-65104dcf0101b79a1f40afc487b7322d\">(Soziales) Engagement f\u00fcr eine lebens- und liebenswerte Gemeinde, in der miteinander gestaltet wird.<\/p>\n<\/div>\n\n\n\n<div class=\"wp-block-column is-layout-flow wp-block-column-is-layout-flow\" style=\"flex-basis:66.66%\">\n<h2 class=\"wp-block-heading\">Hier stellen wir euch Babsi Weinberger vor, <br>Bankkaufrau aus Attenkirchen und 58 Jahre alt<\/h2>\n\n\n\n<hr class=\"wp-block-separator has-alpha-channel-opacity\" \/>\n\n\n\n<h2 class=\"wp-block-heading\">Ehren\u00e4mter<\/h2>\n\n\n\n<p>Gemeindebeauftragte f\u00fcr Jugendarbeit und Organisation des Ferienprogramms, Elternbeirat Camerloher Gymnasium (Kassier)<\/p>\n\n\n\n<h2 class=\"wp-block-heading\">Kaffee oder Tee?<\/h2>\n\n\n\n<p>Tee, Kaffee nur im Tiramisu<\/p>\n\n\n\n<h2 class=\"wp-block-heading\">Notizen mit Stift und Papier oder Tablet?<\/h2>\n\n\n\n<p>beides &#8211; je nachdem, was zur Verf\u00fcgung steht<\/p>\n\n\n\n<h2 class=\"wp-block-heading\">Nachtmensch oder Fr\u00fchaufsteher?<\/h2>\n\n\n\n<p>beides &#8211; wenn ich untertags einen Break einlegen kann<\/p>\n\n\n\n<h2 class=\"wp-block-heading\">Das Wichtigste was unsere Gemeinde nicht hat?<\/h2>\n\n\n\n<p>Alles wirklich Wichtige gibt es aus meiner Sicht<\/p>\n\n\n\n<h2 class=\"wp-block-heading\">Was liebst du an Attenkirchen?<\/h2>\n\n\n\n<p>Die Lage mit Blick in die Berge bei F\u00f6n<\/p>\n\n\n\n<h2 class=\"wp-block-heading\">Was bedeutet Heimat f\u00fcr dich?<\/h2>\n\n\n\n<p>Menschen in meiner Umgebung zu kennen, mit denen man spontan ins Ratschen kommen kann<\/p>\n\n\n\n<h2 class=\"wp-block-heading\">Welche Ver\u00e4nderung w\u00fcrdest du sofort umsetzen, wenn du k\u00f6nntest?<\/h2>\n\n\n\n<p>Das Beamen von Ort A nach Ort B einf\u00fchren<\/p>\n\n\n\n<h2 class=\"wp-block-heading\">Womit beginnt f\u00fcr dich ein guter Tag?<\/h2>\n\n\n\n<p>Mit einem L\u00e4cheln meiner Mitmenschen<\/p>\n\n\n\n<h2 class=\"wp-block-heading\">Was bringt dich zum L\u00e4cheln, selbst an langen Arbeitstagen?<\/h2>\n\n\n\n<p>Wenn ich etwas S\u00fc\u00dfes angeboten bekomme<\/p>\n\n\n\n<h2 class=\"wp-block-heading\">Welcher Ort in Attenkirchen ist f\u00fcr dich ein Wohlf\u00fchlplatz?<\/h2>\n\n\n\n<p>Der Garten mit drei H\u00fchnern, einem Blumenbeet mit vielen Insekten, die gro\u00dfe Terrasse, die wie ein zweites Wohnzimmer im Sommer ist sowie der Pizza-Ofen und der Pool<\/p>\n<\/div>\n<\/div>\n","protected":false},"excerpt":{"rendered":"<p>Babsi Weinberger Bankkaufrau und Sparkassen-Betriebswirtin GemeindebeauftragteFerienprogramm Attenkirchen Listenplatz 4 (Soziales) Engagement f\u00fcr eine lebens- und liebenswerte Gemeinde, in der miteinander gestaltet wird. Hier stellen wir euch Babsi Weinberger vor, Bankkaufrau [&hellip;]<\/p>\n","protected":false},"author":31,"featured_media":0,"parent":0,"menu_order":0,"comment_status":"closed","ping_status":"closed","template":"","meta":{"footnotes":""},"class_list":["post-763","page","type-page","status-publish","hentry"],"jetpack_sharing_enabled":true,"_links":{"self":[{"href":"https:\/\/gruene-freising.de\/gol-attenkirchen\/wp-json\/wp\/v2\/pages\/763","targetHints":{"allow":["GET"]}}],"collection":[{"href":"https:\/\/gruene-freising.de\/gol-attenkirchen\/wp-json\/wp\/v2\/pages"}],"about":[{"href":"https:\/\/gruene-freising.de\/gol-attenkirchen\/wp-json\/wp\/v2\/types\/page"}],"author":[{"embeddable":true,"href":"https:\/\/gruene-freising.de\/gol-attenkirchen\/wp-json\/wp\/v2\/users\/31"}],"replies":[{"embeddable":true,"href":"https:\/\/gruene-freising.de\/gol-attenkirchen\/wp-json\/wp\/v2\/comments?post=763"}],"version-history":[{"count":7,"href":"https:\/\/gruene-freising.de\/gol-attenkirchen\/wp-json\/wp\/v2\/pages\/763\/revisions"}],"predecessor-version":[{"id":1032,"href":"https:\/\/gruene-freising.de\/gol-attenkirchen\/wp-json\/wp\/v2\/pages\/763\/revisions\/1032"}],"wp:attachment":[{"href":"https:\/\/gruene-freising.de\/gol-attenkirchen\/wp-json\/wp\/v2\/media?parent=763"}],"curies":[{"name":"wp","href":"https:\/\/api.w.org\/{rel}","templated":true}]}}