{"id":768,"date":"2025-12-21T15:05:53","date_gmt":"2025-12-21T14:05:53","guid":{"rendered":"https:\/\/wordpress07.gcms.verdigado.net\/gol-attenkirchen-test\/?page_id=768"},"modified":"2025-12-28T19:36:56","modified_gmt":"2025-12-28T18:36:56","slug":"rhena-klausz-triest","status":"publish","type":"page","link":"https:\/\/gruene-freising.de\/gol-attenkirchen\/rhena-klausz-triest\/","title":{"rendered":"Rhena Klausz-Triest"},"content":{"rendered":"\n<div class=\"wp-block-columns is-layout-flex wp-container-core-columns-is-layout-9d6595d7 wp-block-columns-is-layout-flex\">\n<div class=\"wp-block-column has-gray-background-color has-background is-layout-flow wp-block-column-is-layout-flow\" style=\"flex-basis:33.33%\">\n<figure class=\"wp-block-image size-large\"><img loading=\"lazy\" decoding=\"async\" width=\"1024\" height=\"1024\" src=\"https:\/\/wordpress07.gcms.verdigado.net\/gol-attenkirchen-test\/wp-content\/uploads\/sites\/17\/2025\/11\/GoL-Attenkirchen-06-Rhena-e1766087708401-1024x1024.jpg\" alt=\"Rhena Klausz-Triest\" class=\"wp-image-476\" srcset=\"https:\/\/gruene-freising.de\/gol-attenkirchen\/wp-content\/uploads\/sites\/17\/2025\/11\/GoL-Attenkirchen-06-Rhena-e1766087708401-1024x1024.jpg 1024w, https:\/\/gruene-freising.de\/gol-attenkirchen\/wp-content\/uploads\/sites\/17\/2025\/11\/GoL-Attenkirchen-06-Rhena-e1766087708401-300x300.jpg 300w, https:\/\/gruene-freising.de\/gol-attenkirchen\/wp-content\/uploads\/sites\/17\/2025\/11\/GoL-Attenkirchen-06-Rhena-e1766087708401-150x150.jpg 150w, https:\/\/gruene-freising.de\/gol-attenkirchen\/wp-content\/uploads\/sites\/17\/2025\/11\/GoL-Attenkirchen-06-Rhena-e1766087708401-768x769.jpg 768w, https:\/\/gruene-freising.de\/gol-attenkirchen\/wp-content\/uploads\/sites\/17\/2025\/11\/GoL-Attenkirchen-06-Rhena-e1766087708401.jpg 1333w\" sizes=\"auto, (max-width: 1024px) 100vw, 1024px\" \/><\/figure>\n\n\n\n<h2 class=\"wp-block-heading\">Rhena Klausz-Triest<\/h2>\n\n\n\n<p>Medizinische Fachangestellte <br>und Betriebswirtin<\/p>\n\n\n\n<p>Thalham<\/p>\n\n\n\n<p>Listenplatz 6<\/p>\n\n\n\n<p class=\"has-tanne-color has-text-color has-link-color has-medium-font-size wp-elements-4ca45d35fc484c18234399ac5aa055ff\">Mein Fokus richtet sich auf vorausschauendes, nachhaltiges Wirtschaften, unter Einbeziehung aller M\u00f6glichkeiten unsere Umwelt zu sch\u00fctzen und damit unsere Lebensgrundlage in unserem liebenswerten Ort zu erhalten.<\/p>\n<\/div>\n\n\n\n<div class=\"wp-block-column is-layout-flow wp-block-column-is-layout-flow\" style=\"flex-basis:66.66%\">\n<h2 class=\"wp-block-heading\">Hier stellen wir euch Rhena Klausz-Triest vor, <br>Medizinische Fachangestellte und Betriebswirtin aus Thalham und 59 Jahre alt<\/h2>\n\n\n\n<hr class=\"wp-block-separator has-alpha-channel-opacity\" \/>\n\n\n\n<h2 class=\"wp-block-heading\">Ehren\u00e4mter<\/h2>\n\n\n\n<p>Projekte zu Bockerlweg, Weihnachtsmarkt, Osteraktion<\/p>\n\n\n\n<h2 class=\"wp-block-heading\">Kaffee oder Tee?<\/h2>\n\n\n\n<p>Tee<\/p>\n\n\n\n<h2 class=\"wp-block-heading\">Notizen mit Stift und Papier oder Tablet?<\/h2>\n\n\n\n<p>Stift &amp; Papier<\/p>\n\n\n\n<h2 class=\"wp-block-heading\">Was liebst du an Attenkirchen?<\/h2>\n\n\n\n<p>Viel ehrenamtliches Engagement<\/p>\n\n\n\n<h2 class=\"wp-block-heading\">Was bedeutet Heimat f\u00fcr dich?<\/h2>\n\n\n\n<p>Ein Ort mit sehr vielen Erinnerungen, mit dem man sich verbunden f\u00fchlt<\/p>\n\n\n\n<h2 class=\"wp-block-heading\">Welche Ver\u00e4nderung w\u00fcrdest du sofort umsetzen, wenn du k\u00f6nntest?<\/h2>\n\n\n\n<p>Parksituation in Thalham<\/p>\n\n\n\n<h2 class=\"wp-block-heading\">Womit beginnt f\u00fcr dich ein guter Tag?<\/h2>\n\n\n\n<p>Mit Sonne und einem guten Fr\u00fchst\u00fcck<\/p>\n\n\n\n<h2 class=\"wp-block-heading\">Was bringt dich zum L\u00e4cheln, selbst an langen Arbeitstagen?<\/h2>\n\n\n\n<p>Geistreicher Humor<\/p>\n<\/div>\n<\/div>\n","protected":false},"excerpt":{"rendered":"<p>Rhena Klausz-Triest Medizinische Fachangestellte und Betriebswirtin Thalham Listenplatz 6 Mein Fokus richtet sich auf vorausschauendes, nachhaltiges Wirtschaften, unter Einbeziehung aller M\u00f6glichkeiten unsere Umwelt zu sch\u00fctzen und damit unsere Lebensgrundlage in [&hellip;]<\/p>\n","protected":false},"author":31,"featured_media":0,"parent":0,"menu_order":0,"comment_status":"closed","ping_status":"closed","template":"","meta":{"footnotes":""},"class_list":["post-768","page","type-page","status-publish","hentry"],"jetpack_sharing_enabled":true,"_links":{"self":[{"href":"https:\/\/gruene-freising.de\/gol-attenkirchen\/wp-json\/wp\/v2\/pages\/768","targetHints":{"allow":["GET"]}}],"collection":[{"href":"https:\/\/gruene-freising.de\/gol-attenkirchen\/wp-json\/wp\/v2\/pages"}],"about":[{"href":"https:\/\/gruene-freising.de\/gol-attenkirchen\/wp-json\/wp\/v2\/types\/page"}],"author":[{"embeddable":true,"href":"https:\/\/gruene-freising.de\/gol-attenkirchen\/wp-json\/wp\/v2\/users\/31"}],"replies":[{"embeddable":true,"href":"https:\/\/gruene-freising.de\/gol-attenkirchen\/wp-json\/wp\/v2\/comments?post=768"}],"version-history":[{"count":5,"href":"https:\/\/gruene-freising.de\/gol-attenkirchen\/wp-json\/wp\/v2\/pages\/768\/revisions"}],"predecessor-version":[{"id":964,"href":"https:\/\/gruene-freising.de\/gol-attenkirchen\/wp-json\/wp\/v2\/pages\/768\/revisions\/964"}],"wp:attachment":[{"href":"https:\/\/gruene-freising.de\/gol-attenkirchen\/wp-json\/wp\/v2\/media?parent=768"}],"curies":[{"name":"wp","href":"https:\/\/api.w.org\/{rel}","templated":true}]}}