{"id":774,"date":"2025-12-21T15:10:03","date_gmt":"2025-12-21T14:10:03","guid":{"rendered":"https:\/\/wordpress07.gcms.verdigado.net\/gol-attenkirchen-test\/?page_id=774"},"modified":"2025-12-28T19:32:44","modified_gmt":"2025-12-28T18:32:44","slug":"zdravko-vujkov","status":"publish","type":"page","link":"https:\/\/gruene-freising.de\/gol-attenkirchen\/zdravko-vujkov\/","title":{"rendered":"Zdravko Vujkov"},"content":{"rendered":"\n<div class=\"wp-block-columns is-layout-flex wp-container-core-columns-is-layout-9d6595d7 wp-block-columns-is-layout-flex\">\n<div class=\"wp-block-column has-gray-background-color has-background is-layout-flow wp-block-column-is-layout-flow\" style=\"flex-basis:33.33%\">\n<figure class=\"wp-block-image size-large\"><img loading=\"lazy\" decoding=\"async\" width=\"1024\" height=\"1024\" src=\"https:\/\/wordpress07.gcms.verdigado.net\/gol-attenkirchen-test\/wp-content\/uploads\/sites\/17\/2025\/11\/GoL-Attenkirchen-09-Zdravko-scaled-e1763419172624-1024x1024.jpg\" alt=\"Zdravko Vujkov\" class=\"wp-image-479\" srcset=\"https:\/\/gruene-freising.de\/gol-attenkirchen\/wp-content\/uploads\/sites\/17\/2025\/11\/GoL-Attenkirchen-09-Zdravko-scaled-e1763419172624-1024x1024.jpg 1024w, https:\/\/gruene-freising.de\/gol-attenkirchen\/wp-content\/uploads\/sites\/17\/2025\/11\/GoL-Attenkirchen-09-Zdravko-scaled-e1763419172624-300x300.jpg 300w, https:\/\/gruene-freising.de\/gol-attenkirchen\/wp-content\/uploads\/sites\/17\/2025\/11\/GoL-Attenkirchen-09-Zdravko-scaled-e1763419172624-150x150.jpg 150w, https:\/\/gruene-freising.de\/gol-attenkirchen\/wp-content\/uploads\/sites\/17\/2025\/11\/GoL-Attenkirchen-09-Zdravko-scaled-e1763419172624-768x768.jpg 768w, https:\/\/gruene-freising.de\/gol-attenkirchen\/wp-content\/uploads\/sites\/17\/2025\/11\/GoL-Attenkirchen-09-Zdravko-scaled-e1763419172624-1536x1536.jpg 1536w, https:\/\/gruene-freising.de\/gol-attenkirchen\/wp-content\/uploads\/sites\/17\/2025\/11\/GoL-Attenkirchen-09-Zdravko-scaled-e1763419172624.jpg 1707w\" sizes=\"auto, (max-width: 1024px) 100vw, 1024px\" \/><\/figure>\n\n\n\n<h2 class=\"wp-block-heading\">Zdravko Vujkov<\/h2>\n\n\n\n<p>Brandschutz- und Baurecht-<br>Referent sowie Diplom-Ingenieur<\/p>\n\n\n\n<p>Attenkirchen<\/p>\n\n\n\n<p>Listenplatz 9<\/p>\n\n\n\n<p class=\"has-tanne-color has-text-color has-link-color has-medium-font-size wp-elements-4df11616f7b8e7f65f817fc3ed0452f2\">Ich m\u00f6chte einen ehrenamtlichen Beitrag leisten, Attenkirchen f\u00fcr junge Familien \u00f6kologisch und \u00f6konomisch attraktiver zu gestalten.<\/p>\n<\/div>\n\n\n\n<div class=\"wp-block-column is-layout-flow wp-block-column-is-layout-flow\" style=\"flex-basis:66.66%\">\n<h2 class=\"wp-block-heading\">Hier stellen wir euch Zdravko Vujkov vor, <br>Referent f\u00fcr Brandschutz und Bauordnungsrecht aus Attenkirchen und 47 Jahre alt<\/h2>\n\n\n\n<hr class=\"wp-block-separator has-alpha-channel-opacity\" \/>\n\n\n\n<h2 class=\"wp-block-heading\">Ehren\u00e4mter<\/h2>\n\n\n\n<p>Stellvertretender Abteilungsleiter Klettern SpVgg Attenkirchen<\/p>\n\n\n\n<h2 class=\"wp-block-heading\">Kaffee oder Tee?<\/h2>\n\n\n\n<p>Kaffee<\/p>\n\n\n\n<h2 class=\"wp-block-heading\">Notizen mit Stift und Papier oder Tablet?<\/h2>\n\n\n\n<p>Stift und Papier<\/p>\n\n\n\n<h2 class=\"wp-block-heading\">Nachtmensch oder Fr\u00fchaufsteher?<\/h2>\n\n\n\n<p>Fr\u00fchaufsteher&nbsp;<\/p>\n\n\n\n<h2 class=\"wp-block-heading\">Das Wichtigste was unsere Gemeinde nicht hat?<\/h2>\n\n\n\n<p>Durchg\u00e4ngig ausgewiesene und bebaute Radlwege, zu allen noch verbliebenen Ortsteilen<\/p>\n\n\n\n<h2 class=\"wp-block-heading\">Was liebst du an Attenkirchen?<\/h2>\n\n\n\n<p>Das Vereinsleben, die B\u00e4ckerei Schindele und der Bockerlradweg<\/p>\n\n\n\n<h2 class=\"wp-block-heading\">Was bedeutet Heimat f\u00fcr dich?<\/h2>\n\n\n\n<p>In meiner Umgebung wohlf\u00fchlen und mich mit dem Menschenschlag identifizieren k\u00f6nnen<\/p>\n\n\n\n<h2 class=\"wp-block-heading\">Welche Ver\u00e4nderung w\u00fcrdest du sofort umsetzen, wenn du k\u00f6nntest?<\/h2>\n\n\n\n<p>Bereits ausgewiesene freigegebene Fl\u00e4chen zur Bebauung mit Bauzwang auferlegen. Neue Bebauungspl\u00e4ne nach energieeffizientem Hausbau ausrichten (variable Dachneigung und Dachform, Ausrichtung gen S\u00fcd- oder Ost\/Westausrichtung, Regenzisterne usw.), DHH, MFH, RH statt EFH.<\/p>\n\n\n\n<h2 class=\"wp-block-heading\">Womit beginnt f\u00fcr dich ein guter Tag?<\/h2>\n\n\n\n<p>Mit einer freundlichen Begr\u00fc\u00dfung<\/p>\n\n\n\n<h2 class=\"wp-block-heading\">Was bringt dich zum L\u00e4cheln, selbst an langen Arbeitstagen?<\/h2>\n\n\n\n<p>Witzige Anekdoten aus der beruflichen Vergangeheit<\/p>\n\n\n\n<h2 class=\"wp-block-heading\">Welcher Ort in Attenkirchen ist f\u00fcr dich ein Wohlf\u00fchlplatz?<\/h2>\n\n\n\n<p>Die Panoramadrehliege am Bockerlradweg<\/p>\n<\/div>\n<\/div>\n","protected":false},"excerpt":{"rendered":"<p>Zdravko Vujkov Brandschutz- und Baurecht-Referent sowie Diplom-Ingenieur Attenkirchen Listenplatz 9 Ich m\u00f6chte einen ehrenamtlichen Beitrag leisten, Attenkirchen f\u00fcr junge Familien \u00f6kologisch und \u00f6konomisch attraktiver zu gestalten. Hier stellen wir euch [&hellip;]<\/p>\n","protected":false},"author":31,"featured_media":0,"parent":0,"menu_order":0,"comment_status":"closed","ping_status":"closed","template":"","meta":{"footnotes":""},"class_list":["post-774","page","type-page","status-publish","hentry"],"jetpack_sharing_enabled":true,"_links":{"self":[{"href":"https:\/\/gruene-freising.de\/gol-attenkirchen\/wp-json\/wp\/v2\/pages\/774","targetHints":{"allow":["GET"]}}],"collection":[{"href":"https:\/\/gruene-freising.de\/gol-attenkirchen\/wp-json\/wp\/v2\/pages"}],"about":[{"href":"https:\/\/gruene-freising.de\/gol-attenkirchen\/wp-json\/wp\/v2\/types\/page"}],"author":[{"embeddable":true,"href":"https:\/\/gruene-freising.de\/gol-attenkirchen\/wp-json\/wp\/v2\/users\/31"}],"replies":[{"embeddable":true,"href":"https:\/\/gruene-freising.de\/gol-attenkirchen\/wp-json\/wp\/v2\/comments?post=774"}],"version-history":[{"count":6,"href":"https:\/\/gruene-freising.de\/gol-attenkirchen\/wp-json\/wp\/v2\/pages\/774\/revisions"}],"predecessor-version":[{"id":959,"href":"https:\/\/gruene-freising.de\/gol-attenkirchen\/wp-json\/wp\/v2\/pages\/774\/revisions\/959"}],"wp:attachment":[{"href":"https:\/\/gruene-freising.de\/gol-attenkirchen\/wp-json\/wp\/v2\/media?parent=774"}],"curies":[{"name":"wp","href":"https:\/\/api.w.org\/{rel}","templated":true}]}}