{"id":776,"date":"2025-12-21T15:11:31","date_gmt":"2025-12-21T14:11:31","guid":{"rendered":"https:\/\/wordpress07.gcms.verdigado.net\/gol-attenkirchen-test\/?page_id=776"},"modified":"2025-12-21T17:24:15","modified_gmt":"2025-12-21T16:24:15","slug":"helga-rothmueller","status":"publish","type":"page","link":"https:\/\/gruene-freising.de\/gol-attenkirchen\/helga-rothmueller\/","title":{"rendered":"Helga Rothm\u00fcller"},"content":{"rendered":"\n<div class=\"wp-block-columns is-layout-flex wp-container-core-columns-is-layout-9d6595d7 wp-block-columns-is-layout-flex\">\n<div class=\"wp-block-column has-gray-background-color has-background is-layout-flow wp-block-column-is-layout-flow\" style=\"flex-basis:33.33%\">\n<figure class=\"wp-block-image size-large\"><img loading=\"lazy\" decoding=\"async\" width=\"1024\" height=\"1024\" src=\"https:\/\/wordpress07.gcms.verdigado.net\/gol-attenkirchen-test\/wp-content\/uploads\/sites\/17\/2025\/11\/GoL-Attenkirchen-10-Helga-scaled-e1763419146336-1024x1024.jpg\" alt=\"Helga Rothm\u00fcller\" class=\"wp-image-480\" srcset=\"https:\/\/gruene-freising.de\/gol-attenkirchen\/wp-content\/uploads\/sites\/17\/2025\/11\/GoL-Attenkirchen-10-Helga-scaled-e1763419146336-1024x1024.jpg 1024w, https:\/\/gruene-freising.de\/gol-attenkirchen\/wp-content\/uploads\/sites\/17\/2025\/11\/GoL-Attenkirchen-10-Helga-scaled-e1763419146336-300x300.jpg 300w, https:\/\/gruene-freising.de\/gol-attenkirchen\/wp-content\/uploads\/sites\/17\/2025\/11\/GoL-Attenkirchen-10-Helga-scaled-e1763419146336-150x150.jpg 150w, https:\/\/gruene-freising.de\/gol-attenkirchen\/wp-content\/uploads\/sites\/17\/2025\/11\/GoL-Attenkirchen-10-Helga-scaled-e1763419146336-768x768.jpg 768w, https:\/\/gruene-freising.de\/gol-attenkirchen\/wp-content\/uploads\/sites\/17\/2025\/11\/GoL-Attenkirchen-10-Helga-scaled-e1763419146336-1536x1536.jpg 1536w, https:\/\/gruene-freising.de\/gol-attenkirchen\/wp-content\/uploads\/sites\/17\/2025\/11\/GoL-Attenkirchen-10-Helga-scaled-e1763419146336.jpg 1707w\" sizes=\"auto, (max-width: 1024px) 100vw, 1024px\" \/><\/figure>\n\n\n\n<h2 class=\"wp-block-heading\">Helga Rothm\u00fcller<\/h2>\n\n\n\n<p>Erzieherin<\/p>\n\n\n\n<p>Pfettrach<\/p>\n\n\n\n<p>Listenplatz 10<\/p>\n\n\n\n<p class=\"has-tanne-color has-text-color has-link-color has-medium-font-size wp-elements-1e643dae5d2edb8776703d124d28b5e3\">Ich engagiere mich, um f\u00fcr unsere Kinder und Enkel eine intakte Umwelt, gesunde Lebensmittel und ein soziales Miteinander zu bewahren.<\/p>\n<\/div>\n\n\n\n<div class=\"wp-block-column is-layout-flow wp-block-column-is-layout-flow\" style=\"flex-basis:66.66%\">\n<h2 class=\"wp-block-heading\">Hier stellen wir euch Helga Rothm\u00fcller vor, <br>Erzieherin aus Pfettrach und 46 Jahre alt<\/h2>\n\n\n\n<hr class=\"wp-block-separator has-alpha-channel-opacity\" \/>\n\n\n\n<h2 class=\"wp-block-heading\">Kaffee oder Tee?<\/h2>\n\n\n\n<p>Kaffee<\/p>\n\n\n\n<h2 class=\"wp-block-heading\">Notizen mit Stift und Papier oder Tablet?<\/h2>\n\n\n\n<p>Lieber handschriftlich<\/p>\n\n\n\n<h2 class=\"wp-block-heading\">Nachtmensch oder Fr\u00fchaufsteher?<\/h2>\n\n\n\n<p>Beides m\u00f6glich<\/p>\n\n\n\n<h2 class=\"wp-block-heading\">Das Wichtigste was unsere Gemeinde nicht hat?<\/h2>\n\n\n\n<p>Naturschutzfl\u00e4chen<\/p>\n\n\n\n<h2 class=\"wp-block-heading\">Was liebst du an Attenkirchen?<\/h2>\n\n\n\n<p>Den Schindele und das bunte kulturelle Angebot<\/p>\n\n\n\n<h2 class=\"wp-block-heading\">Was bedeutet Heimat f\u00fcr dich?<\/h2>\n\n\n\n<p>Freunde und Familie<\/p>\n\n\n\n<h2 class=\"wp-block-heading\">Welche Ver\u00e4nderung w\u00fcrdest du sofort umsetzen, wenn du k\u00f6nntest?<\/h2>\n\n\n\n<p>Biotope mitgestalten und den Artenschutz vorantreiben<\/p>\n\n\n\n<h2 class=\"wp-block-heading\">Womit beginnt f\u00fcr dich ein guter Tag?<\/h2>\n\n\n\n<p>Eindr\u00fccke in der Natur<\/p>\n\n\n\n<h2 class=\"wp-block-heading\">Was bringt dich zum L\u00e4cheln, selbst an langen Arbeitstagen?<\/h2>\n\n\n\n<p>Kinder l\u00e4cheln viel mehr als Erwachsene und von dieser Lebensfreude werde ich immer wieder inspiriert und mitgerissen<\/p>\n\n\n\n<h2 class=\"wp-block-heading\">Welcher Ort in Attenkirchen ist f\u00fcr dich ein Wohlf\u00fchlplatz?<\/h2>\n\n\n\n<p>Mein Garten<\/p>\n<\/div>\n<\/div>\n","protected":false},"excerpt":{"rendered":"<p>Helga Rothm\u00fcller Erzieherin Pfettrach Listenplatz 10 Ich engagiere mich, um f\u00fcr unsere Kinder und Enkel eine intakte Umwelt, gesunde Lebensmittel und ein soziales Miteinander zu bewahren. Hier stellen wir euch [&hellip;]<\/p>\n","protected":false},"author":31,"featured_media":0,"parent":0,"menu_order":0,"comment_status":"closed","ping_status":"closed","template":"","meta":{"footnotes":""},"class_list":["post-776","page","type-page","status-publish","hentry"],"jetpack_sharing_enabled":true,"_links":{"self":[{"href":"https:\/\/gruene-freising.de\/gol-attenkirchen\/wp-json\/wp\/v2\/pages\/776","targetHints":{"allow":["GET"]}}],"collection":[{"href":"https:\/\/gruene-freising.de\/gol-attenkirchen\/wp-json\/wp\/v2\/pages"}],"about":[{"href":"https:\/\/gruene-freising.de\/gol-attenkirchen\/wp-json\/wp\/v2\/types\/page"}],"author":[{"embeddable":true,"href":"https:\/\/gruene-freising.de\/gol-attenkirchen\/wp-json\/wp\/v2\/users\/31"}],"replies":[{"embeddable":true,"href":"https:\/\/gruene-freising.de\/gol-attenkirchen\/wp-json\/wp\/v2\/comments?post=776"}],"version-history":[{"count":5,"href":"https:\/\/gruene-freising.de\/gol-attenkirchen\/wp-json\/wp\/v2\/pages\/776\/revisions"}],"predecessor-version":[{"id":845,"href":"https:\/\/gruene-freising.de\/gol-attenkirchen\/wp-json\/wp\/v2\/pages\/776\/revisions\/845"}],"wp:attachment":[{"href":"https:\/\/gruene-freising.de\/gol-attenkirchen\/wp-json\/wp\/v2\/media?parent=776"}],"curies":[{"name":"wp","href":"https:\/\/api.w.org\/{rel}","templated":true}]}}