{"id":780,"date":"2025-12-21T15:14:00","date_gmt":"2025-12-21T14:14:00","guid":{"rendered":"https:\/\/wordpress07.gcms.verdigado.net\/gol-attenkirchen-test\/?page_id=780"},"modified":"2025-12-21T17:26:36","modified_gmt":"2025-12-21T16:26:36","slug":"monika-huetten","status":"publish","type":"page","link":"https:\/\/gruene-freising.de\/gol-attenkirchen\/monika-huetten\/","title":{"rendered":"Monika H\u00fctten"},"content":{"rendered":"\n<div class=\"wp-block-columns is-layout-flex wp-container-core-columns-is-layout-9d6595d7 wp-block-columns-is-layout-flex\">\n<div class=\"wp-block-column has-gray-background-color has-background is-layout-flow wp-block-column-is-layout-flow\" style=\"flex-basis:33.33%\">\n<figure class=\"wp-block-image size-large\"><img loading=\"lazy\" decoding=\"async\" width=\"1024\" height=\"1024\" src=\"https:\/\/wordpress07.gcms.verdigado.net\/gol-attenkirchen-test\/wp-content\/uploads\/sites\/17\/2025\/11\/GoL-Attenkirchen-12-Monika-scaled-e1763419027421-1024x1024.jpg\" alt=\"Monika H\u00fctten\" class=\"wp-image-482\" srcset=\"https:\/\/gruene-freising.de\/gol-attenkirchen\/wp-content\/uploads\/sites\/17\/2025\/11\/GoL-Attenkirchen-12-Monika-scaled-e1763419027421-1024x1024.jpg 1024w, https:\/\/gruene-freising.de\/gol-attenkirchen\/wp-content\/uploads\/sites\/17\/2025\/11\/GoL-Attenkirchen-12-Monika-scaled-e1763419027421-300x300.jpg 300w, https:\/\/gruene-freising.de\/gol-attenkirchen\/wp-content\/uploads\/sites\/17\/2025\/11\/GoL-Attenkirchen-12-Monika-scaled-e1763419027421-150x150.jpg 150w, https:\/\/gruene-freising.de\/gol-attenkirchen\/wp-content\/uploads\/sites\/17\/2025\/11\/GoL-Attenkirchen-12-Monika-scaled-e1763419027421-768x768.jpg 768w, https:\/\/gruene-freising.de\/gol-attenkirchen\/wp-content\/uploads\/sites\/17\/2025\/11\/GoL-Attenkirchen-12-Monika-scaled-e1763419027421-1536x1536.jpg 1536w, https:\/\/gruene-freising.de\/gol-attenkirchen\/wp-content\/uploads\/sites\/17\/2025\/11\/GoL-Attenkirchen-12-Monika-scaled-e1763419027421.jpg 1706w\" sizes=\"auto, (max-width: 1024px) 100vw, 1024px\" \/><\/figure>\n\n\n\n<h2 class=\"wp-block-heading\">Monika H\u00fctten<\/h2>\n\n\n\n<p>Verwaltungsangestellte<\/p>\n\n\n\n<p>Thalham&nbsp;<\/p>\n\n\n\n<p>Listenplatz 12<\/p>\n\n\n\n<p class=\"has-tanne-color has-text-color has-link-color has-medium-font-size wp-elements-45fab5e1107fe1ab40b7671dd66ac3de\">Ich m\u00f6chte meinen positiven Beitrag leisten f\u00fcr das Miteinander in der Gemeinde Attenkirchen.<\/p>\n<\/div>\n\n\n\n<div class=\"wp-block-column is-layout-flow wp-block-column-is-layout-flow\" style=\"flex-basis:66.66%\">\n<h2 class=\"wp-block-heading\">Hier stellen wir euch Monika H\u00fctten vor, <br>Verwaltungsangestellte aus Thalham\u00a0 und mehr als 50 Jahre alt<\/h2>\n\n\n\n<hr class=\"wp-block-separator has-alpha-channel-opacity\" \/>\n\n\n\n<h2 class=\"wp-block-heading\">Ehren\u00e4mter<\/h2>\n\n\n\n<p>Arbeitskreis Umwelt &amp; Energie&nbsp;<\/p>\n\n\n\n<h2 class=\"wp-block-heading\">Kaffee oder Tee?<\/h2>\n\n\n\n<p>Erst Kaffee, dann Tee<\/p>\n\n\n\n<h2 class=\"wp-block-heading\">Nachtmensch oder Fr\u00fchaufsteher?<\/h2>\n\n\n\n<p>Eher Sonnenaufgang<\/p>\n\n\n\n<h2 class=\"wp-block-heading\">Das Wichtigste was unsere Gemeinde nicht hat?<\/h2>\n\n\n\n<p>Glasfaseranschluss<\/p>\n\n\n\n<h2 class=\"wp-block-heading\">Was liebst du an Attenkirchen?<\/h2>\n\n\n\n<p>Die bunte Mischung \ud83d\ude42<\/p>\n\n\n\n<h2 class=\"wp-block-heading\">Was bedeutet Heimat f\u00fcr dich?<\/h2>\n\n\n\n<p>Geborgenheit<\/p>\n\n\n\n<h2 class=\"wp-block-heading\">Welche Ver\u00e4nderung w\u00fcrdest du sofort umsetzen, wenn du k\u00f6nntest?<\/h2>\n\n\n\n<p>Frieden auf dieser Welt, Klimawandel stoppen&nbsp;<\/p>\n\n\n\n<h2 class=\"wp-block-heading\">Womit beginnt f\u00fcr dich ein guter Tag?<\/h2>\n\n\n\n<p>Kaffee und SZ<\/p>\n\n\n\n<h2 class=\"wp-block-heading\">Was bringt dich zum L\u00e4cheln, selbst an langen Arbeitstagen?<\/h2>\n\n\n\n<p>Ein gutes Abendessen&nbsp;<\/p>\n\n\n\n<h2 class=\"wp-block-heading\">Welcher Ort in Attenkirchen ist f\u00fcr dich ein Wohlf\u00fchlplatz?<\/h2>\n\n\n\n<p>Die drehende Bank am Bockerlweg<\/p>\n<\/div>\n<\/div>\n","protected":false},"excerpt":{"rendered":"<p>Monika H\u00fctten Verwaltungsangestellte Thalham&nbsp; Listenplatz 12 Ich m\u00f6chte meinen positiven Beitrag leisten f\u00fcr das Miteinander in der Gemeinde Attenkirchen. Hier stellen wir euch Monika H\u00fctten vor, Verwaltungsangestellte aus Thalham\u00a0 und [&hellip;]<\/p>\n","protected":false},"author":31,"featured_media":0,"parent":0,"menu_order":0,"comment_status":"closed","ping_status":"closed","template":"","meta":{"footnotes":""},"class_list":["post-780","page","type-page","status-publish","hentry"],"jetpack_sharing_enabled":true,"_links":{"self":[{"href":"https:\/\/gruene-freising.de\/gol-attenkirchen\/wp-json\/wp\/v2\/pages\/780","targetHints":{"allow":["GET"]}}],"collection":[{"href":"https:\/\/gruene-freising.de\/gol-attenkirchen\/wp-json\/wp\/v2\/pages"}],"about":[{"href":"https:\/\/gruene-freising.de\/gol-attenkirchen\/wp-json\/wp\/v2\/types\/page"}],"author":[{"embeddable":true,"href":"https:\/\/gruene-freising.de\/gol-attenkirchen\/wp-json\/wp\/v2\/users\/31"}],"replies":[{"embeddable":true,"href":"https:\/\/gruene-freising.de\/gol-attenkirchen\/wp-json\/wp\/v2\/comments?post=780"}],"version-history":[{"count":5,"href":"https:\/\/gruene-freising.de\/gol-attenkirchen\/wp-json\/wp\/v2\/pages\/780\/revisions"}],"predecessor-version":[{"id":849,"href":"https:\/\/gruene-freising.de\/gol-attenkirchen\/wp-json\/wp\/v2\/pages\/780\/revisions\/849"}],"wp:attachment":[{"href":"https:\/\/gruene-freising.de\/gol-attenkirchen\/wp-json\/wp\/v2\/media?parent=780"}],"curies":[{"name":"wp","href":"https:\/\/api.w.org\/{rel}","templated":true}]}}