{"id":782,"date":"2025-12-21T15:15:19","date_gmt":"2025-12-21T14:15:19","guid":{"rendered":"https:\/\/wordpress07.gcms.verdigado.net\/gol-attenkirchen-test\/?page_id=782"},"modified":"2025-12-28T19:33:52","modified_gmt":"2025-12-28T18:33:52","slug":"dominik-bausenwein","status":"publish","type":"page","link":"https:\/\/gruene-freising.de\/gol-attenkirchen\/dominik-bausenwein\/","title":{"rendered":"Dominik Bausenwein"},"content":{"rendered":"\n<div class=\"wp-block-columns is-layout-flex wp-container-core-columns-is-layout-9d6595d7 wp-block-columns-is-layout-flex\">\n<div class=\"wp-block-column has-gray-background-color has-background is-layout-flow wp-block-column-is-layout-flow\" style=\"flex-basis:33.33%\">\n<figure class=\"wp-block-image size-large\"><img loading=\"lazy\" decoding=\"async\" width=\"1024\" height=\"1024\" src=\"https:\/\/wordpress07.gcms.verdigado.net\/gol-attenkirchen-test\/wp-content\/uploads\/sites\/17\/2025\/11\/GoL-Attenkirchen-13-Dominik-scaled-e1763419001856-1024x1024.jpg\" alt=\"Dominik Bausenwein\" class=\"wp-image-483\" srcset=\"https:\/\/gruene-freising.de\/gol-attenkirchen\/wp-content\/uploads\/sites\/17\/2025\/11\/GoL-Attenkirchen-13-Dominik-scaled-e1763419001856-1024x1024.jpg 1024w, https:\/\/gruene-freising.de\/gol-attenkirchen\/wp-content\/uploads\/sites\/17\/2025\/11\/GoL-Attenkirchen-13-Dominik-scaled-e1763419001856-300x300.jpg 300w, https:\/\/gruene-freising.de\/gol-attenkirchen\/wp-content\/uploads\/sites\/17\/2025\/11\/GoL-Attenkirchen-13-Dominik-scaled-e1763419001856-150x150.jpg 150w, https:\/\/gruene-freising.de\/gol-attenkirchen\/wp-content\/uploads\/sites\/17\/2025\/11\/GoL-Attenkirchen-13-Dominik-scaled-e1763419001856-768x768.jpg 768w, https:\/\/gruene-freising.de\/gol-attenkirchen\/wp-content\/uploads\/sites\/17\/2025\/11\/GoL-Attenkirchen-13-Dominik-scaled-e1763419001856-1536x1536.jpg 1536w, https:\/\/gruene-freising.de\/gol-attenkirchen\/wp-content\/uploads\/sites\/17\/2025\/11\/GoL-Attenkirchen-13-Dominik-scaled-e1763419001856.jpg 1707w\" sizes=\"auto, (max-width: 1024px) 100vw, 1024px\" \/><\/figure>\n\n\n\n<h2 class=\"wp-block-heading\">Dominik Bausenwein&nbsp;<\/h2>\n\n\n\n<p>Diplom-Ingenieur f\u00fcr <br>Prototypen-Entwicklung\u00a0<\/p>\n\n\n\n<p>Thalham<\/p>\n\n\n\n<p>Listenplatz 13<\/p>\n\n\n\n<p class=\"has-tanne-color has-text-color has-link-color has-medium-font-size wp-elements-84f0ce61258c9116812d03af9f87ce26\">F\u00fcr einen nachhaltigen Umgang mit unserer Heimat m\u00fcssen wir auch selbst mit beiden H\u00e4nden anpacken.<\/p>\n<\/div>\n\n\n\n<div class=\"wp-block-column is-layout-flow wp-block-column-is-layout-flow\" style=\"flex-basis:66.66%\">\n<h2 class=\"wp-block-heading\">Hier stellen wir euch Dominik Bausenwein vor, <br>Ingenieur aus Thalham und 44 Jahre alt<\/h2>\n\n\n\n<hr class=\"wp-block-separator has-alpha-channel-opacity\" \/>\n\n\n\n<h2 class=\"wp-block-heading\">Ehren\u00e4mter<\/h2>\n\n\n\n<p>Arbeitskreis Umwelt &amp; Energie; eigentlich sehe ich die Teilnahme bei GOL schon auch ein bisschen als Ehrenamt<\/p>\n\n\n\n<h2 class=\"wp-block-heading\">Kaffee oder Tee?<\/h2>\n\n\n\n<p>50:50<\/p>\n\n\n\n<h2 class=\"wp-block-heading\">Notizen mit Stift und Papier oder Tablet?<\/h2>\n\n\n\n<p>Was man liebt vergisst man nicht -&gt; Kopf<\/p>\n\n\n\n<h2 class=\"wp-block-heading\">Nachtmensch oder Fr\u00fchaufsteher?<\/h2>\n\n\n\n<p>Fr\u00fcher Fr\u00fchaufsteher, heute Nacht Nachtmensch<\/p>\n\n\n\n<h2 class=\"wp-block-heading\">Das Wichtigste was unsere Gemeinde nicht hat?<\/h2>\n\n\n\n<p>Glasfaseranschluss und gute Netzabdeckung<\/p>\n\n\n\n<h2 class=\"wp-block-heading\">Was liebst du an Attenkirchen?<\/h2>\n\n\n\n<p>Die Natur und die Nachbarn sowie die N\u00e4he zu Freising und M\u00fcnchen<\/p>\n\n\n\n<h2 class=\"wp-block-heading\">Was bedeutet Heimat f\u00fcr dich?<\/h2>\n\n\n\n<p>Sich wohlf\u00fchlen<\/p>\n\n\n\n<h2 class=\"wp-block-heading\">Welche Ver\u00e4nderung w\u00fcrdest du sofort umsetzen, wenn du k\u00f6nntest?<\/h2>\n\n\n\n<p>Smartes, nachhaltiges und faires Energienetz<\/p>\n\n\n\n<h2 class=\"wp-block-heading\">Womit beginnt f\u00fcr dich ein guter Tag?<\/h2>\n\n\n\n<p>Zeit f\u00fcr 30 Minuten Kaffee &amp; Fr\u00fchst\u00fcck und internationale Nachrichten<\/p>\n\n\n\n<h2 class=\"wp-block-heading\">Was bringt dich zum L\u00e4cheln, selbst an langen Arbeitstagen?<\/h2>\n\n\n\n<p>Kurzer Blick \u00fcber die Schulter auf das Tageswerk. Oder ein Igel der einem die Vorfahrt in Thalham nimmt.<\/p>\n\n\n\n<h2 class=\"wp-block-heading\">Welcher Ort in Attenkirchen ist f\u00fcr dich ein Wohlf\u00fchlplatz?<\/h2>\n\n\n\n<p>Waldwege oder im Sonnenuntergang auf dem eigenen Dach sitzen.<\/p>\n<\/div>\n<\/div>\n","protected":false},"excerpt":{"rendered":"<p>Dominik Bausenwein&nbsp; Diplom-Ingenieur f\u00fcr Prototypen-Entwicklung\u00a0 Thalham Listenplatz 13 F\u00fcr einen nachhaltigen Umgang mit unserer Heimat m\u00fcssen wir auch selbst mit beiden H\u00e4nden anpacken. Hier stellen wir euch Dominik Bausenwein vor, [&hellip;]<\/p>\n","protected":false},"author":31,"featured_media":0,"parent":0,"menu_order":0,"comment_status":"closed","ping_status":"closed","template":"","meta":{"footnotes":""},"class_list":["post-782","page","type-page","status-publish","hentry"],"jetpack_sharing_enabled":true,"_links":{"self":[{"href":"https:\/\/gruene-freising.de\/gol-attenkirchen\/wp-json\/wp\/v2\/pages\/782","targetHints":{"allow":["GET"]}}],"collection":[{"href":"https:\/\/gruene-freising.de\/gol-attenkirchen\/wp-json\/wp\/v2\/pages"}],"about":[{"href":"https:\/\/gruene-freising.de\/gol-attenkirchen\/wp-json\/wp\/v2\/types\/page"}],"author":[{"embeddable":true,"href":"https:\/\/gruene-freising.de\/gol-attenkirchen\/wp-json\/wp\/v2\/users\/31"}],"replies":[{"embeddable":true,"href":"https:\/\/gruene-freising.de\/gol-attenkirchen\/wp-json\/wp\/v2\/comments?post=782"}],"version-history":[{"count":5,"href":"https:\/\/gruene-freising.de\/gol-attenkirchen\/wp-json\/wp\/v2\/pages\/782\/revisions"}],"predecessor-version":[{"id":960,"href":"https:\/\/gruene-freising.de\/gol-attenkirchen\/wp-json\/wp\/v2\/pages\/782\/revisions\/960"}],"wp:attachment":[{"href":"https:\/\/gruene-freising.de\/gol-attenkirchen\/wp-json\/wp\/v2\/media?parent=782"}],"curies":[{"name":"wp","href":"https:\/\/api.w.org\/{rel}","templated":true}]}}