{"id":874,"date":"2025-12-21T17:49:34","date_gmt":"2025-12-21T16:49:34","guid":{"rendered":"https:\/\/wordpress07.gcms.verdigado.net\/gol-attenkirchen-test\/?page_id=874"},"modified":"2026-01-02T14:20:18","modified_gmt":"2026-01-02T13:20:18","slug":"unsere-liste-2026","status":"publish","type":"page","link":"https:\/\/gruene-freising.de\/gol-attenkirchen\/unsere-liste-2026\/","title":{"rendered":"Stimmzettel 2026"},"content":{"rendered":"\n<p><strong>Eure Stimmen f\u00fcr uns! GOL Attenkirchen.<\/strong><\/p>\n\n\n\n<p>So wie unten dargestellt, werden unsere Kandidatinnen und Kandidaten auf dem Wahlschein stehen. Ihr findet uns als Wahlvorschlag Nummer 04 ganz links auf dem Stimmzettel.<\/p>\n\n\n\n<p>Kreuzt entweder die ganze Liste an oder gebt einzelnen Kandidatinnen und Kandidaten bis zu drei Stimmen, aber nicht mehr als 14 Stimmen insgesamt. \u00dcbrige Stimmen k\u00f6nnt ihr auch der gesamten Liste \u00fcber ein zus\u00e4tzliches Kreuz bei der Liste geben.<\/p>\n\n\n\n<p>\u00dcber die Namen in der Liste unten kommt ihr zu einer ausf\u00fchrlichen Vorstellung der jeweiligen Kandidatin oder des jeweiligen Kandidaten.<\/p>\n\n\n\n<p>W\u00e4hlt mehr Frauen in den Gemeinderat. Aktuell sind dort nur vier Frauen vertreten. Unsere Liste ist gleich mit Frauen und M\u00e4nnern besetzt, als einzige der Listen in Attenkirchen. Dar\u00fcber sind wir besonders gl\u00fccklich. <\/p>\n\n\n\n<hr class=\"wp-block-separator has-alpha-channel-opacity\" \/>\n\n\n\n<p><strong>Wahlvorschlag Nr. 04<\/strong><\/p>\n\n\n\n<p><strong>Kennwort B\u00dcNDNIS 90\/DIE GR\u00dcNEN \/ Offene Liste Attenkirchen (GOL)<\/strong><\/p>\n\n\n\n<p>401 <a href=\"https:\/\/gruene-freising.de\/gol-attenkirchen\/dr-walter-schlott\/\" data-type=\"page\" data-id=\"757\">Dr. Walter Schlott<\/a><\/p>\n\n\n\n<p>402 <a href=\"https:\/\/gruene-freising.de\/gol-attenkirchen\/conny-vujkov-geb-scherer\/\" data-type=\"page\" data-id=\"759\">Conny Vujkov (geb. Scherer)<\/a><\/p>\n\n\n\n<p>403 <a href=\"https:\/\/gruene-freising.de\/gol-attenkirchen\/florian-graenzer\/\" data-type=\"page\" data-id=\"760\">Florian Gr\u00e4nzer<\/a><\/p>\n\n\n\n<p>404 <a href=\"https:\/\/gruene-freising.de\/gol-attenkirchen\/babsi-weinberger\/\" data-type=\"page\" data-id=\"763\">Barbara Weinberger<\/a><\/p>\n\n\n\n<p>405 <a href=\"https:\/\/gruene-freising.de\/gol-attenkirchen\/thilo-mittag\/\" data-type=\"page\" data-id=\"766\">Thilo Mittag<\/a><\/p>\n\n\n\n<p>406 <a href=\"https:\/\/gruene-freising.de\/gol-attenkirchen\/rhena-klausz-triest\/\" data-type=\"page\" data-id=\"768\">Rhena Klausz-Triest<\/a><\/p>\n\n\n\n<p>407 <a href=\"https:\/\/gruene-freising.de\/gol-attenkirchen\/dr-max-pilgram\/\" data-type=\"page\" data-id=\"770\">Dr. Max Pilgram<\/a><\/p>\n\n\n\n<p>408 <a href=\"https:\/\/gruene-freising.de\/gol-attenkirchen\/silke-friese\/\" data-type=\"page\" data-id=\"772\">Silke Friese<\/a><\/p>\n\n\n\n<p>409 <a href=\"https:\/\/gruene-freising.de\/gol-attenkirchen\/zdravko-vujkov\/\" data-type=\"page\" data-id=\"774\">Zdravko Vujkov<\/a><\/p>\n\n\n\n<p>410 <a href=\"https:\/\/gruene-freising.de\/gol-attenkirchen\/helga-rothmueller\/\" data-type=\"page\" data-id=\"776\">Helga Rothm\u00fcller<\/a><\/p>\n\n\n\n<p>411 <a href=\"https:\/\/gruene-freising.de\/gol-attenkirchen\/manuel-huber\/\" data-type=\"page\" data-id=\"778\">Manuel Huber<\/a><\/p>\n\n\n\n<p>412 <a href=\"https:\/\/gruene-freising.de\/gol-attenkirchen\/monika-huetten\/\" data-type=\"page\" data-id=\"780\">Monika H\u00fctten<\/a><\/p>\n\n\n\n<p>413 <a href=\"https:\/\/gruene-freising.de\/gol-attenkirchen\/dominik-bausenwein\/\" data-type=\"page\" data-id=\"782\">Dominik Bausenwein<\/a><\/p>\n\n\n\n<p>414 <a href=\"https:\/\/gruene-freising.de\/gol-attenkirchen\/andrea-speckmaier\/\" data-type=\"page\" data-id=\"784\">Andrea Speckmaier<\/a><\/p>\n\n\n\n<hr class=\"wp-block-separator has-alpha-channel-opacity\" \/>\n\n\n\n<p>Wenn jemand ausf\u00e4llt r\u00fcckt <a href=\"https:\/\/gruene-freising.de\/gol-attenkirchen\/tobias-bausenwein\/\" data-type=\"page\" data-id=\"786\">Tobias Bausenwein<\/a> nach.<\/p>\n\n\n\n<p><strong>Eure Stimmen f\u00fcr uns! GOL Attenkirchen.<\/strong><\/p>\n\n\n\n<p><\/p>\n","protected":false},"excerpt":{"rendered":"<p>Eure Stimmen f\u00fcr uns! GOL Attenkirchen. So wie unten dargestellt, werden unsere Kandidatinnen und Kandidaten auf dem Wahlschein stehen. Ihr findet uns als Wahlvorschlag Nummer 04 ganz links auf dem [&hellip;]<\/p>\n","protected":false},"author":31,"featured_media":0,"parent":0,"menu_order":0,"comment_status":"closed","ping_status":"closed","template":"","meta":{"footnotes":""},"class_list":["post-874","page","type-page","status-publish","hentry"],"jetpack_sharing_enabled":true,"_links":{"self":[{"href":"https:\/\/gruene-freising.de\/gol-attenkirchen\/wp-json\/wp\/v2\/pages\/874","targetHints":{"allow":["GET"]}}],"collection":[{"href":"https:\/\/gruene-freising.de\/gol-attenkirchen\/wp-json\/wp\/v2\/pages"}],"about":[{"href":"https:\/\/gruene-freising.de\/gol-attenkirchen\/wp-json\/wp\/v2\/types\/page"}],"author":[{"embeddable":true,"href":"https:\/\/gruene-freising.de\/gol-attenkirchen\/wp-json\/wp\/v2\/users\/31"}],"replies":[{"embeddable":true,"href":"https:\/\/gruene-freising.de\/gol-attenkirchen\/wp-json\/wp\/v2\/comments?post=874"}],"version-history":[{"count":11,"href":"https:\/\/gruene-freising.de\/gol-attenkirchen\/wp-json\/wp\/v2\/pages\/874\/revisions"}],"predecessor-version":[{"id":1037,"href":"https:\/\/gruene-freising.de\/gol-attenkirchen\/wp-json\/wp\/v2\/pages\/874\/revisions\/1037"}],"wp:attachment":[{"href":"https:\/\/gruene-freising.de\/gol-attenkirchen\/wp-json\/wp\/v2\/media?parent=874"}],"curies":[{"name":"wp","href":"https:\/\/api.w.org\/{rel}","templated":true}]}}